{"id":83,"date":"2021-08-10T18:30:21","date_gmt":"2021-08-10T16:30:21","guid":{"rendered":"https:\/\/auto-ecole-du-golfe.fr\/?page_id=83"},"modified":"2022-01-28T18:00:02","modified_gmt":"2022-01-28T17:00:02","slug":"permis-b","status":"publish","type":"page","link":"https:\/\/auto-ecole-du-golfe.fr\/index.php\/permis-b\/","title":{"rendered":"Permis B"},"content":{"rendered":"\t\t<div data-elementor-type=\"wp-page\" data-elementor-id=\"83\" class=\"elementor elementor-83\">\n\t\t\t\t\t\t<section class=\"elementor-section elementor-top-section elementor-element elementor-element-79d516d6 elementor-section-boxed elementor-section-height-default elementor-section-height-default\" data-id=\"79d516d6\" data-element_type=\"section\">\n\t\t\t\t\t\t<div class=\"elementor-container elementor-column-gap-default\">\n\t\t\t\t\t<div class=\"elementor-column elementor-col-100 elementor-top-column elementor-element elementor-element-4f0b0897\" data-id=\"4f0b0897\" data-element_type=\"column\">\n\t\t\t<div class=\"elementor-widget-wrap elementor-element-populated\">\n\t\t\t\t\t\t<div class=\"elementor-element elementor-element-65dc0bc9 elementor-widget elementor-widget-text-editor\" data-id=\"65dc0bc9\" data-element_type=\"widget\" data-widget_type=\"text-editor.default\">\n\t\t\t\t<div class=\"elementor-widget-container\">\n\t\t\t<style>\/*! elementor - v3.20.0 - 11-03-2024 *\/\n.elementor-widget-text-editor.elementor-drop-cap-view-stacked .elementor-drop-cap{background-color:#69727d;color:#fff}.elementor-widget-text-editor.elementor-drop-cap-view-framed .elementor-drop-cap{color:#69727d;border:3px solid;background-color:transparent}.elementor-widget-text-editor:not(.elementor-drop-cap-view-default) .elementor-drop-cap{margin-top:8px}.elementor-widget-text-editor:not(.elementor-drop-cap-view-default) .elementor-drop-cap-letter{width:1em;height:1em}.elementor-widget-text-editor .elementor-drop-cap{float:left;text-align:center;line-height:1;font-size:50px}.elementor-widget-text-editor .elementor-drop-cap-letter{display:inline-block}<\/style>\t\t\t\t<h1 data-test=\"titre-page\">Quels v\u00e9hicules peut-on conduire avec le permis B&nbsp;?<\/h1>\n<p>Le permis B permet de conduire une voiture ou une <span class=\"tool-tip\" tabindex=\"0\" title=\"\" data-definition=\"R32094\" data-original-title=\"V\u00e9hicule utilitaire l\u00e9ger de moins de 3,5 tonnes con\u00e7u et construit pour le transport de marchandises. Le certificat d'immatriculation du v\u00e9hicule indique le genre CTTE.\">camionnette<span class=\"sr-only\"> : V\u00e9hicule utilitaire l\u00e9ger de moins de 3,5 tonnes con\u00e7u et construit pour le transport de marchandises. Le certificat d&rsquo;immatriculation du v\u00e9hicule indique le genre CTTE.<\/span><\/span>. Il permet aussi de conduire, sous conditions, un camping-car, une <span class=\"tool-tip\" tabindex=\"0\" title=\"\" data-definition=\"R51256\" data-original-title=\"V\u00e9hicule \u00e0 2 roues (moto, scooter) \u00e9quip\u00e9 d'un moteur d'une cylindr\u00e9e ne d\u00e9passant pas 125 cm\u00b3 et dont la puissance ne d\u00e9passe pas 11 kilowatts (15 chevaux).\">moto l\u00e9g\u00e8re<span class=\"sr-only\"> : V\u00e9hicule \u00e0 2 roues (moto, scooter) \u00e9quip\u00e9 d&rsquo;un moteur d&rsquo;une cylindr\u00e9e ne d\u00e9passant pas 125 cm\u00b3 et dont la puissance ne d\u00e9passe pas 11 kilowatts (15 chevaux).<\/span><\/span> (scooter, moto 125) ou un tracteur.<\/p><p>Le permis B permet de conduire un v\u00e9hicule qui pr\u00e9sente les 3 caract\u00e9ristiques suivantes&nbsp;:<\/p>\n<ul>\n<li>Il est affect\u00e9e au transport de personnes ou de marchandises<\/li>\n<li>Son <span class=\"tool-tip\" tabindex=\"0\" title=\"\" data-definition=\"R15487\" data-original-title=\"Poids total en charge du v\u00e9hicule&nbsp;: poids maximal autoris\u00e9, c'est-\u00e0-dire poids du v\u00e9hicule et de ce qu\u2019il transporte (personnes, marchandises, etc.)\">PTAC<span class=\"sr-only\"> : Poids total en charge du v\u00e9hicule&nbsp;: poids maximal autoris\u00e9, c&rsquo;est-\u00e0-dire poids du v\u00e9hicule et de ce qu\u2019il transporte (personnes, marchandises, etc.)<\/span><\/span> est inf\u00e9rieur ou \u00e9gal \u00e0 3,5 tonnes<\/li>\n<li>Il comporte 9 places assises maximum (conducteur compris)<\/li>\n<\/ul>\n<p>\u00c0 ce v\u00e9hicule peut \u00eatre attel\u00e9e&nbsp;:<\/p>\n<ul>\n<li>une remorque dont le PTAC est inf\u00e9rieur ou \u00e9gal \u00e0 750 kg<\/li>\n<li>ou une remorque dont le PTAC est sup\u00e9rieur \u00e0 750 kg si la somme des PTAC (voiture+remorque) ne d\u00e9passe pas 3 500 kg.<\/li>\n<\/ul>\n<p>La <strong>mention additionnelle 96<\/strong> au permis B est n\u00e9cessaire lorsque&nbsp;le <abbr tabindex=\"0\" title=\"\" data-sigle=\"R45943\" data-original-title=\"PTAC&nbsp;:&nbsp;Poids total autoris\u00e9 en charge\">PTAC<\/abbr> de la remorque est sup\u00e9rieur \u00e0 750 kg et que le PTAC de l&rsquo;ensemble v\u00e9hicule + remorque est sup\u00e9rieur \u00e0 3 500 kg, mais inf\u00e9rieur \u00e0 4 250 kg.<\/p>\n<p>Pour obtenir la mention additionnelle 96, il faut suivre une <strong>formation de 7 heures<\/strong>.<\/p>\n<p>La formation comprend une s\u00e9quence hors circulation (HC) et une s\u00e9quence en circulation (CIR).<\/p>\n<p>La formation est assur\u00e9e par une auto-\u00e9cole ou par une association d&rsquo;insertion ou de r\u00e9insertion sociale ou professionnelle agr\u00e9\u00e9e.<\/p>\n<p>\u00c0 la fin de cette formation, vous recevez une attestation.<\/p>\n<p>Cette attestation n&rsquo;autorise pas \u00e0 conduire.<\/p>\n<p>Seul l&rsquo;ajout de la mention additionnelle 96 sur la cat\u00e9gorie B du permis de conduire vous donne le droit de conduire les v\u00e9hicules qui rel\u00e8vent de cette cat\u00e9gorie.<\/p>\n<p>C&rsquo;est l&rsquo;auto-\u00e9cole ou l&rsquo;association agr\u00e9\u00e9e qui fait la demande de cet ajout.<\/p>\n<p><\/p>\t\t\t\t\t\t<\/div>\n\t\t\t\t<\/div>\n\t\t\t\t\t<\/div>\n\t\t<\/div>\n\t\t\t\t\t<\/div>\n\t\t<\/section>\n\t\t\t\t<section class=\"elementor-section elementor-top-section elementor-element elementor-element-3f751a9 elementor-section-boxed elementor-section-height-default elementor-section-height-default\" data-id=\"3f751a9\" data-element_type=\"section\">\n\t\t\t\t\t\t<div class=\"elementor-container elementor-column-gap-default\">\n\t\t\t\t\t<div class=\"elementor-column elementor-col-33 elementor-top-column elementor-element elementor-element-e6d0b2d\" data-id=\"e6d0b2d\" data-element_type=\"column\">\n\t\t\t<div class=\"elementor-widget-wrap elementor-element-populated\">\n\t\t\t\t\t\t<div class=\"elementor-element elementor-element-56a29f5 elementor-align-center elementor-widget elementor-widget-button\" data-id=\"56a29f5\" data-element_type=\"widget\" data-widget_type=\"button.default\">\n\t\t\t\t<div class=\"elementor-widget-container\">\n\t\t\t\t\t<div class=\"elementor-button-wrapper\">\n\t\t\t<a class=\"elementor-button elementor-button-link elementor-size-sm elementor-animation-pulse\" href=\"https:\/\/auto-ecole-du-golfe.fr\/index.php\/permis-b\/permisb-boite-manuelle\/\">\n\t\t\t\t\t\t<span class=\"elementor-button-content-wrapper\">\n\t\t\t\t\t\t<span class=\"elementor-button-text\">Boite Manuelle<\/span>\n\t\t<\/span>\n\t\t\t\t\t<\/a>\n\t\t<\/div>\n\t\t\t\t<\/div>\n\t\t\t\t<\/div>\n\t\t\t\t\t<\/div>\n\t\t<\/div>\n\t\t\t\t<div class=\"elementor-column elementor-col-33 elementor-top-column elementor-element elementor-element-cb3ef1d\" data-id=\"cb3ef1d\" data-element_type=\"column\">\n\t\t\t<div class=\"elementor-widget-wrap elementor-element-populated\">\n\t\t\t\t\t\t<div class=\"elementor-element elementor-element-435173d elementor-align-center elementor-widget elementor-widget-button\" data-id=\"435173d\" data-element_type=\"widget\" data-widget_type=\"button.default\">\n\t\t\t\t<div class=\"elementor-widget-container\">\n\t\t\t\t\t<div class=\"elementor-button-wrapper\">\n\t\t\t<a class=\"elementor-button elementor-button-link elementor-size-sm elementor-animation-pulse\" href=\"https:\/\/auto-ecole-du-golfe.fr\/index.php\/documents-b\/\">\n\t\t\t\t\t\t<span class=\"elementor-button-content-wrapper\">\n\t\t\t\t\t\t<span class=\"elementor-button-text\">Documents \u00e0 fournir<\/span>\n\t\t<\/span>\n\t\t\t\t\t<\/a>\n\t\t<\/div>\n\t\t\t\t<\/div>\n\t\t\t\t<\/div>\n\t\t\t\t\t<\/div>\n\t\t<\/div>\n\t\t\t\t<div class=\"elementor-column elementor-col-33 elementor-top-column elementor-element elementor-element-544727f\" data-id=\"544727f\" data-element_type=\"column\">\n\t\t\t<div class=\"elementor-widget-wrap elementor-element-populated\">\n\t\t\t\t\t\t<div class=\"elementor-element elementor-element-8db428d elementor-align-center elementor-widget elementor-widget-button\" data-id=\"8db428d\" data-element_type=\"widget\" data-widget_type=\"button.default\">\n\t\t\t\t<div class=\"elementor-widget-container\">\n\t\t\t\t\t<div class=\"elementor-button-wrapper\">\n\t\t\t<a class=\"elementor-button elementor-button-link elementor-size-sm elementor-animation-pulse\" href=\"https:\/\/auto-ecole-du-golfe.fr\/index.php\/permis-b\/boite-automatique\/\">\n\t\t\t\t\t\t<span class=\"elementor-button-content-wrapper\">\n\t\t\t\t\t\t<span class=\"elementor-button-text\">Boite Automatique<\/span>\n\t\t<\/span>\n\t\t\t\t\t<\/a>\n\t\t<\/div>\n\t\t\t\t<\/div>\n\t\t\t\t<\/div>\n\t\t\t\t\t<\/div>\n\t\t<\/div>\n\t\t\t\t\t<\/div>\n\t\t<\/section>\n\t\t\t\t<\/div>\n\t\t","protected":false},"excerpt":{"rendered":"<p>Quels v\u00e9hicules peut-on conduire avec le permis B&nbsp;? Le permis B permet de conduire une voiture ou une camionnette : V\u00e9hicule utilitaire l\u00e9ger de moins de 3,5 tonnes con\u00e7u et construit pour le transport de marchandises. Le certificat d&rsquo;immatriculation du v\u00e9hicule indique le genre CTTE.. Il permet aussi de conduire, sous conditions, un camping-car, une &hellip; <\/p>\n<p class=\"link-more\"><a href=\"https:\/\/auto-ecole-du-golfe.fr\/index.php\/permis-b\/\" class=\"more-link\">Lire la suite de<span class=\"screen-reader-text\">\u00ab\u00a0Permis B\u00a0\u00bb<\/span><\/a><\/p>\n","protected":false},"author":1,"featured_media":0,"parent":0,"menu_order":1,"comment_status":"closed","ping_status":"closed","template":"","meta":{"footnotes":""},"yoast_head":"<!-- This site is optimized with the Yoast SEO plugin v22.2 - https:\/\/yoast.com\/wordpress\/plugins\/seo\/ -->\n<title>Permis B -<\/title>\n<meta name=\"robots\" content=\"index, follow, max-snippet:-1, max-image-preview:large, max-video-preview:-1\" \/>\n<link rel=\"canonical\" href=\"https:\/\/auto-ecole-du-golfe.fr\/index.php\/permis-b\/\" \/>\n<meta property=\"og:locale\" content=\"fr_FR\" \/>\n<meta property=\"og:type\" content=\"article\" \/>\n<meta property=\"og:title\" content=\"Permis B -\" \/>\n<meta property=\"og:description\" content=\"Quels v\u00e9hicules peut-on conduire avec le permis B&nbsp;? Le permis B permet de conduire une voiture ou une camionnette : V\u00e9hicule utilitaire l\u00e9ger de moins de 3,5 tonnes con\u00e7u et construit pour le transport de marchandises. Le certificat d&rsquo;immatriculation du v\u00e9hicule indique le genre CTTE.. Il permet aussi de conduire, sous conditions, un camping-car, une &hellip; Lire la suite de\u00ab\u00a0Permis B\u00a0\u00bb\" \/>\n<meta property=\"og:url\" content=\"https:\/\/auto-ecole-du-golfe.fr\/index.php\/permis-b\/\" \/>\n<meta property=\"article:publisher\" content=\"https:\/\/www.facebook.com\/autoecoledugolfe\" \/>\n<meta property=\"article:modified_time\" content=\"2022-01-28T17:00:02+00:00\" \/>\n<meta name=\"twitter:card\" content=\"summary_large_image\" \/>\n<meta name=\"twitter:label1\" content=\"Dur\u00e9e de lecture estim\u00e9e\" \/>\n\t<meta name=\"twitter:data1\" content=\"2 minutes\" \/>\n<script type=\"application\/ld+json\" class=\"yoast-schema-graph\">{\"@context\":\"https:\/\/schema.org\",\"@graph\":[{\"@type\":\"WebPage\",\"@id\":\"https:\/\/auto-ecole-du-golfe.fr\/index.php\/permis-b\/\",\"url\":\"https:\/\/auto-ecole-du-golfe.fr\/index.php\/permis-b\/\",\"name\":\"Permis B -\",\"isPartOf\":{\"@id\":\"https:\/\/auto-ecole-du-golfe.fr\/#website\"},\"datePublished\":\"2021-08-10T16:30:21+00:00\",\"dateModified\":\"2022-01-28T17:00:02+00:00\",\"breadcrumb\":{\"@id\":\"https:\/\/auto-ecole-du-golfe.fr\/index.php\/permis-b\/#breadcrumb\"},\"inLanguage\":\"fr-FR\",\"potentialAction\":[{\"@type\":\"ReadAction\",\"target\":[\"https:\/\/auto-ecole-du-golfe.fr\/index.php\/permis-b\/\"]}]},{\"@type\":\"BreadcrumbList\",\"@id\":\"https:\/\/auto-ecole-du-golfe.fr\/index.php\/permis-b\/#breadcrumb\",\"itemListElement\":[{\"@type\":\"ListItem\",\"position\":1,\"name\":\"Accueil\",\"item\":\"https:\/\/auto-ecole-du-golfe.fr\/\"},{\"@type\":\"ListItem\",\"position\":2,\"name\":\"Permis B\"}]},{\"@type\":\"WebSite\",\"@id\":\"https:\/\/auto-ecole-du-golfe.fr\/#website\",\"url\":\"https:\/\/auto-ecole-du-golfe.fr\/\",\"name\":\"\",\"description\":\"\",\"publisher\":{\"@id\":\"https:\/\/auto-ecole-du-golfe.fr\/#organization\"},\"potentialAction\":[{\"@type\":\"SearchAction\",\"target\":{\"@type\":\"EntryPoint\",\"urlTemplate\":\"https:\/\/auto-ecole-du-golfe.fr\/?s={search_term_string}\"},\"query-input\":\"required name=search_term_string\"}],\"inLanguage\":\"fr-FR\"},{\"@type\":\"Organization\",\"@id\":\"https:\/\/auto-ecole-du-golfe.fr\/#organization\",\"name\":\"Auto ecole du Golfe\",\"url\":\"https:\/\/auto-ecole-du-golfe.fr\/\",\"logo\":{\"@type\":\"ImageObject\",\"inLanguage\":\"fr-FR\",\"@id\":\"https:\/\/auto-ecole-du-golfe.fr\/#\/schema\/logo\/image\/\",\"url\":\"https:\/\/auto-ecole-du-golfe.fr\/wp-content\/uploads\/2021\/12\/cropped-logo.jpg\",\"contentUrl\":\"https:\/\/auto-ecole-du-golfe.fr\/wp-content\/uploads\/2021\/12\/cropped-logo.jpg\",\"width\":512,\"height\":512,\"caption\":\"Auto ecole du Golfe\"},\"image\":{\"@id\":\"https:\/\/auto-ecole-du-golfe.fr\/#\/schema\/logo\/image\/\"},\"sameAs\":[\"https:\/\/www.facebook.com\/autoecoledugolfe\"]}]}<\/script>\n<!-- \/ Yoast SEO plugin. -->","yoast_head_json":{"title":"Permis B -","robots":{"index":"index","follow":"follow","max-snippet":"max-snippet:-1","max-image-preview":"max-image-preview:large","max-video-preview":"max-video-preview:-1"},"canonical":"https:\/\/auto-ecole-du-golfe.fr\/index.php\/permis-b\/","og_locale":"fr_FR","og_type":"article","og_title":"Permis B -","og_description":"Quels v\u00e9hicules peut-on conduire avec le permis B&nbsp;? Le permis B permet de conduire une voiture ou une camionnette : V\u00e9hicule utilitaire l\u00e9ger de moins de 3,5 tonnes con\u00e7u et construit pour le transport de marchandises. Le certificat d&rsquo;immatriculation du v\u00e9hicule indique le genre CTTE.. Il permet aussi de conduire, sous conditions, un camping-car, une &hellip; Lire la suite de\u00ab\u00a0Permis B\u00a0\u00bb","og_url":"https:\/\/auto-ecole-du-golfe.fr\/index.php\/permis-b\/","article_publisher":"https:\/\/www.facebook.com\/autoecoledugolfe","article_modified_time":"2022-01-28T17:00:02+00:00","twitter_card":"summary_large_image","twitter_misc":{"Dur\u00e9e de lecture estim\u00e9e":"2 minutes"},"schema":{"@context":"https:\/\/schema.org","@graph":[{"@type":"WebPage","@id":"https:\/\/auto-ecole-du-golfe.fr\/index.php\/permis-b\/","url":"https:\/\/auto-ecole-du-golfe.fr\/index.php\/permis-b\/","name":"Permis B -","isPartOf":{"@id":"https:\/\/auto-ecole-du-golfe.fr\/#website"},"datePublished":"2021-08-10T16:30:21+00:00","dateModified":"2022-01-28T17:00:02+00:00","breadcrumb":{"@id":"https:\/\/auto-ecole-du-golfe.fr\/index.php\/permis-b\/#breadcrumb"},"inLanguage":"fr-FR","potentialAction":[{"@type":"ReadAction","target":["https:\/\/auto-ecole-du-golfe.fr\/index.php\/permis-b\/"]}]},{"@type":"BreadcrumbList","@id":"https:\/\/auto-ecole-du-golfe.fr\/index.php\/permis-b\/#breadcrumb","itemListElement":[{"@type":"ListItem","position":1,"name":"Accueil","item":"https:\/\/auto-ecole-du-golfe.fr\/"},{"@type":"ListItem","position":2,"name":"Permis B"}]},{"@type":"WebSite","@id":"https:\/\/auto-ecole-du-golfe.fr\/#website","url":"https:\/\/auto-ecole-du-golfe.fr\/","name":"","description":"","publisher":{"@id":"https:\/\/auto-ecole-du-golfe.fr\/#organization"},"potentialAction":[{"@type":"SearchAction","target":{"@type":"EntryPoint","urlTemplate":"https:\/\/auto-ecole-du-golfe.fr\/?s={search_term_string}"},"query-input":"required name=search_term_string"}],"inLanguage":"fr-FR"},{"@type":"Organization","@id":"https:\/\/auto-ecole-du-golfe.fr\/#organization","name":"Auto ecole du Golfe","url":"https:\/\/auto-ecole-du-golfe.fr\/","logo":{"@type":"ImageObject","inLanguage":"fr-FR","@id":"https:\/\/auto-ecole-du-golfe.fr\/#\/schema\/logo\/image\/","url":"https:\/\/auto-ecole-du-golfe.fr\/wp-content\/uploads\/2021\/12\/cropped-logo.jpg","contentUrl":"https:\/\/auto-ecole-du-golfe.fr\/wp-content\/uploads\/2021\/12\/cropped-logo.jpg","width":512,"height":512,"caption":"Auto ecole du Golfe"},"image":{"@id":"https:\/\/auto-ecole-du-golfe.fr\/#\/schema\/logo\/image\/"},"sameAs":["https:\/\/www.facebook.com\/autoecoledugolfe"]}]}},"_links":{"self":[{"href":"https:\/\/auto-ecole-du-golfe.fr\/index.php\/wp-json\/wp\/v2\/pages\/83"}],"collection":[{"href":"https:\/\/auto-ecole-du-golfe.fr\/index.php\/wp-json\/wp\/v2\/pages"}],"about":[{"href":"https:\/\/auto-ecole-du-golfe.fr\/index.php\/wp-json\/wp\/v2\/types\/page"}],"author":[{"embeddable":true,"href":"https:\/\/auto-ecole-du-golfe.fr\/index.php\/wp-json\/wp\/v2\/users\/1"}],"replies":[{"embeddable":true,"href":"https:\/\/auto-ecole-du-golfe.fr\/index.php\/wp-json\/wp\/v2\/comments?post=83"}],"version-history":[{"count":73,"href":"https:\/\/auto-ecole-du-golfe.fr\/index.php\/wp-json\/wp\/v2\/pages\/83\/revisions"}],"predecessor-version":[{"id":1873,"href":"https:\/\/auto-ecole-du-golfe.fr\/index.php\/wp-json\/wp\/v2\/pages\/83\/revisions\/1873"}],"wp:attachment":[{"href":"https:\/\/auto-ecole-du-golfe.fr\/index.php\/wp-json\/wp\/v2\/media?parent=83"}],"curies":[{"name":"wp","href":"https:\/\/api.w.org\/{rel}","templated":true}]}}