{"id":6,"date":"2021-08-09T18:37:20","date_gmt":"2021-08-09T16:37:20","guid":{"rendered":"http:\/\/auto-ecole-du-golfe.fr\/?page_id=6"},"modified":"2022-04-03T19:01:27","modified_gmt":"2022-04-03T17:01:27","slug":"auto-ecole-du-golfe","status":"publish","type":"page","link":"https:\/\/auto-ecole-du-golfe.fr\/","title":{"rendered":"Accueil"},"content":{"rendered":"\t\t<div data-elementor-type=\"wp-page\" data-elementor-id=\"6\" class=\"elementor elementor-6\">\n\t\t\t\t\t\t<section class=\"elementor-section elementor-top-section elementor-element elementor-element-14fd791 elementor-section-boxed elementor-section-height-default elementor-section-height-default\" data-id=\"14fd791\" data-element_type=\"section\" data-settings=\"{&quot;background_background&quot;:&quot;gradient&quot;}\">\n\t\t\t\t\t\t<div class=\"elementor-container elementor-column-gap-default\">\n\t\t\t\t\t<div class=\"elementor-column elementor-col-50 elementor-top-column elementor-element elementor-element-1eb718f\" data-id=\"1eb718f\" data-element_type=\"column\">\n\t\t\t<div class=\"elementor-widget-wrap elementor-element-populated\">\n\t\t\t\t\t\t<div class=\"elementor-element elementor-element-6c67838 elementor-widget elementor-widget-image\" data-id=\"6c67838\" data-element_type=\"widget\" data-widget_type=\"image.default\">\n\t\t\t\t<div class=\"elementor-widget-container\">\n\t\t\t<style>\/*! elementor - v3.20.0 - 11-03-2024 *\/\n.elementor-widget-image{text-align:center}.elementor-widget-image a{display:inline-block}.elementor-widget-image a img[src$=\".svg\"]{width:48px}.elementor-widget-image img{vertical-align:middle;display:inline-block}<\/style>\t\t\t\t\t\t\t\t\t\t<img fetchpriority=\"high\" decoding=\"async\" width=\"768\" height=\"768\" src=\"https:\/\/auto-ecole-du-golfe.fr\/wp-content\/uploads\/2021\/12\/Auto2-768x768.jpg\" class=\"attachment-medium_large size-medium_large wp-image-1099\" alt=\"\" srcset=\"https:\/\/auto-ecole-du-golfe.fr\/wp-content\/uploads\/2021\/12\/Auto2-768x768.jpg 768w, https:\/\/auto-ecole-du-golfe.fr\/wp-content\/uploads\/2021\/12\/Auto2-300x300.jpg 300w, https:\/\/auto-ecole-du-golfe.fr\/wp-content\/uploads\/2021\/12\/Auto2-1024x1024.jpg 1024w, https:\/\/auto-ecole-du-golfe.fr\/wp-content\/uploads\/2021\/12\/Auto2-150x150.jpg 150w, https:\/\/auto-ecole-du-golfe.fr\/wp-content\/uploads\/2021\/12\/Auto2.jpg 1080w\" sizes=\"100vw\" \/>\t\t\t\t\t\t\t\t\t\t\t\t\t<\/div>\n\t\t\t\t<\/div>\n\t\t\t\t\t<\/div>\n\t\t<\/div>\n\t\t\t\t<div class=\"elementor-column elementor-col-50 elementor-top-column elementor-element elementor-element-8103cf5\" data-id=\"8103cf5\" data-element_type=\"column\">\n\t\t\t<div class=\"elementor-widget-wrap elementor-element-populated\">\n\t\t\t\t\t\t<div class=\"elementor-element elementor-element-fb85bc9 elementor-widget elementor-widget-text-editor\" data-id=\"fb85bc9\" data-element_type=\"widget\" data-widget_type=\"text-editor.default\">\n\t\t\t\t<div class=\"elementor-widget-container\">\n\t\t\t<style>\/*! elementor - v3.20.0 - 11-03-2024 *\/\n.elementor-widget-text-editor.elementor-drop-cap-view-stacked .elementor-drop-cap{background-color:#69727d;color:#fff}.elementor-widget-text-editor.elementor-drop-cap-view-framed .elementor-drop-cap{color:#69727d;border:3px solid;background-color:transparent}.elementor-widget-text-editor:not(.elementor-drop-cap-view-default) .elementor-drop-cap{margin-top:8px}.elementor-widget-text-editor:not(.elementor-drop-cap-view-default) .elementor-drop-cap-letter{width:1em;height:1em}.elementor-widget-text-editor .elementor-drop-cap{float:left;text-align:center;line-height:1;font-size:50px}.elementor-widget-text-editor .elementor-drop-cap-letter{display:inline-block}<\/style>\t\t\t\t<h1 style=\"text-align: center;\">Permis B<\/h1><p style=\"text-align: center;\"><span style=\"color: #ffffff;\">Boite manuelle<\/span><\/p>\t\t\t\t\t\t<\/div>\n\t\t\t\t<\/div>\n\t\t\t\t<div class=\"elementor-element elementor-element-e222167 elementor-align-center elementor-widget elementor-widget-button\" data-id=\"e222167\" data-element_type=\"widget\" data-widget_type=\"button.default\">\n\t\t\t\t<div class=\"elementor-widget-container\">\n\t\t\t\t\t<div class=\"elementor-button-wrapper\">\n\t\t\t<a class=\"elementor-button elementor-button-link elementor-size-md elementor-animation-pulse\" href=\"https:\/\/auto-ecole-du-golfe.fr\/index.php\/permis-b\/permisb-boite-manuelle\/\">\n\t\t\t\t\t\t<span class=\"elementor-button-content-wrapper\">\n\t\t\t\t\t\t<span class=\"elementor-button-text\">D\u00e9couvrez nos offres<\/span>\n\t\t<\/span>\n\t\t\t\t\t<\/a>\n\t\t<\/div>\n\t\t\t\t<\/div>\n\t\t\t\t<\/div>\n\t\t\t\t\t<\/div>\n\t\t<\/div>\n\t\t\t\t\t<\/div>\n\t\t<\/section>\n\t\t\t\t<section class=\"elementor-section elementor-top-section elementor-element elementor-element-01b4e3c elementor-section-boxed elementor-section-height-default elementor-section-height-default\" data-id=\"01b4e3c\" data-element_type=\"section\" data-settings=\"{&quot;background_background&quot;:&quot;gradient&quot;}\">\n\t\t\t\t\t\t<div class=\"elementor-container elementor-column-gap-default\">\n\t\t\t\t\t<div class=\"elementor-column elementor-col-50 elementor-top-column elementor-element elementor-element-53d99f8\" data-id=\"53d99f8\" data-element_type=\"column\">\n\t\t\t<div class=\"elementor-widget-wrap elementor-element-populated\">\n\t\t\t\t\t\t<div class=\"elementor-element elementor-element-4973d39 elementor-widget elementor-widget-image\" data-id=\"4973d39\" data-element_type=\"widget\" data-widget_type=\"image.default\">\n\t\t\t\t<div class=\"elementor-widget-container\">\n\t\t\t\t\t\t\t\t\t\t\t\t\t<img decoding=\"async\" width=\"768\" height=\"768\" src=\"https:\/\/auto-ecole-du-golfe.fr\/wp-content\/uploads\/2021\/08\/voiture1-768x768.jpg\" class=\"attachment-medium_large size-medium_large wp-image-47\" alt=\"\" srcset=\"https:\/\/auto-ecole-du-golfe.fr\/wp-content\/uploads\/2021\/08\/voiture1-768x768.jpg 768w, https:\/\/auto-ecole-du-golfe.fr\/wp-content\/uploads\/2021\/08\/voiture1-300x300.jpg 300w, https:\/\/auto-ecole-du-golfe.fr\/wp-content\/uploads\/2021\/08\/voiture1-1024x1024.jpg 1024w, https:\/\/auto-ecole-du-golfe.fr\/wp-content\/uploads\/2021\/08\/voiture1-150x150.jpg 150w, https:\/\/auto-ecole-du-golfe.fr\/wp-content\/uploads\/2021\/08\/voiture1.jpg 1080w\" sizes=\"100vw\" \/>\t\t\t\t\t\t\t\t\t\t\t\t\t<\/div>\n\t\t\t\t<\/div>\n\t\t\t\t\t<\/div>\n\t\t<\/div>\n\t\t\t\t<div class=\"elementor-column elementor-col-50 elementor-top-column elementor-element elementor-element-9ff87ba\" data-id=\"9ff87ba\" data-element_type=\"column\">\n\t\t\t<div class=\"elementor-widget-wrap elementor-element-populated\">\n\t\t\t\t\t\t<div class=\"elementor-element elementor-element-0a504e9 elementor-widget elementor-widget-text-editor\" data-id=\"0a504e9\" data-element_type=\"widget\" data-widget_type=\"text-editor.default\">\n\t\t\t\t<div class=\"elementor-widget-container\">\n\t\t\t\t\t\t\t<h1 style=\"text-align: center;\">PERMIS B<\/h1><p style=\"text-align: center;\"><span style=\"color: #ffffff;\">Boite automatique<\/span><\/p>\t\t\t\t\t\t<\/div>\n\t\t\t\t<\/div>\n\t\t\t\t<div class=\"elementor-element elementor-element-398bf48 elementor-align-center elementor-widget elementor-widget-button\" data-id=\"398bf48\" data-element_type=\"widget\" data-widget_type=\"button.default\">\n\t\t\t\t<div class=\"elementor-widget-container\">\n\t\t\t\t\t<div class=\"elementor-button-wrapper\">\n\t\t\t<a class=\"elementor-button elementor-button-link elementor-size-md elementor-animation-pulse\" href=\"https:\/\/auto-ecole-du-golfe.fr\/index.php\/permis-b\/boite-automatique\/\">\n\t\t\t\t\t\t<span class=\"elementor-button-content-wrapper\">\n\t\t\t\t\t\t<span class=\"elementor-button-text\">D\u00e9couvrez nos offres<\/span>\n\t\t<\/span>\n\t\t\t\t\t<\/a>\n\t\t<\/div>\n\t\t\t\t<\/div>\n\t\t\t\t<\/div>\n\t\t\t\t\t<\/div>\n\t\t<\/div>\n\t\t\t\t\t<\/div>\n\t\t<\/section>\n\t\t\t\t<section class=\"elementor-section elementor-top-section elementor-element elementor-element-1daea20 elementor-section-boxed elementor-section-height-default elementor-section-height-default\" data-id=\"1daea20\" data-element_type=\"section\" data-settings=\"{&quot;background_background&quot;:&quot;gradient&quot;}\">\n\t\t\t\t\t\t<div class=\"elementor-container elementor-column-gap-default\">\n\t\t\t\t\t<div class=\"elementor-column elementor-col-50 elementor-top-column elementor-element elementor-element-95d1217\" data-id=\"95d1217\" data-element_type=\"column\">\n\t\t\t<div class=\"elementor-widget-wrap elementor-element-populated\">\n\t\t\t\t\t\t<div class=\"elementor-element elementor-element-7d8037f elementor-widget elementor-widget-image\" data-id=\"7d8037f\" data-element_type=\"widget\" data-widget_type=\"image.default\">\n\t\t\t\t<div class=\"elementor-widget-container\">\n\t\t\t\t\t\t\t\t\t\t\t\t\t<img decoding=\"async\" width=\"768\" height=\"576\" src=\"https:\/\/auto-ecole-du-golfe.fr\/wp-content\/uploads\/2021\/12\/moto3-768x576.jpg\" class=\"attachment-medium_large size-medium_large wp-image-1100\" alt=\"\" srcset=\"https:\/\/auto-ecole-du-golfe.fr\/wp-content\/uploads\/2021\/12\/moto3-768x576.jpg 768w, https:\/\/auto-ecole-du-golfe.fr\/wp-content\/uploads\/2021\/12\/moto3-300x225.jpg 300w, https:\/\/auto-ecole-du-golfe.fr\/wp-content\/uploads\/2021\/12\/moto3-1024x768.jpg 1024w, https:\/\/auto-ecole-du-golfe.fr\/wp-content\/uploads\/2021\/12\/moto3.jpg 1080w\" sizes=\"100vw\" \/>\t\t\t\t\t\t\t\t\t\t\t\t\t<\/div>\n\t\t\t\t<\/div>\n\t\t\t\t\t<\/div>\n\t\t<\/div>\n\t\t\t\t<div class=\"elementor-column elementor-col-50 elementor-top-column elementor-element elementor-element-304b107\" data-id=\"304b107\" data-element_type=\"column\">\n\t\t\t<div class=\"elementor-widget-wrap elementor-element-populated\">\n\t\t\t\t\t\t<div class=\"elementor-element elementor-element-99f512a elementor-widget elementor-widget-text-editor\" data-id=\"99f512a\" data-element_type=\"widget\" data-widget_type=\"text-editor.default\">\n\t\t\t\t<div class=\"elementor-widget-container\">\n\t\t\t\t\t\t\t<h1 style=\"text-align: center;\">PERMIS 2 ROUES<\/h1><p>\u00a0<\/p><p style=\"text-align: center;\"><span style=\"color: #ffffff;\"><strong>Permis A1<\/strong> (125cm3) <strong>Permis A2<\/strong> (moto) <strong>Passerelle<\/strong> (A2 vers A)<\/span><\/p>\t\t\t\t\t\t<\/div>\n\t\t\t\t<\/div>\n\t\t\t\t<div class=\"elementor-element elementor-element-bd8fa74 elementor-align-center elementor-widget elementor-widget-button\" data-id=\"bd8fa74\" data-element_type=\"widget\" data-widget_type=\"button.default\">\n\t\t\t\t<div class=\"elementor-widget-container\">\n\t\t\t\t\t<div class=\"elementor-button-wrapper\">\n\t\t\t<a class=\"elementor-button elementor-button-link elementor-size-md elementor-animation-pulse\" href=\"https:\/\/auto-ecole-du-golfe.fr\/index.php\/2-roues\/permis-moto\/\">\n\t\t\t\t\t\t<span class=\"elementor-button-content-wrapper\">\n\t\t\t\t\t\t<span class=\"elementor-button-text\">D\u00e9couvrez nos offres<\/span>\n\t\t<\/span>\n\t\t\t\t\t<\/a>\n\t\t<\/div>\n\t\t\t\t<\/div>\n\t\t\t\t<\/div>\n\t\t\t\t\t<\/div>\n\t\t<\/div>\n\t\t\t\t\t<\/div>\n\t\t<\/section>\n\t\t\t\t<section class=\"elementor-section elementor-top-section elementor-element elementor-element-3e6f6d9 elementor-section-boxed elementor-section-height-default elementor-section-height-default\" data-id=\"3e6f6d9\" data-element_type=\"section\" data-settings=\"{&quot;background_background&quot;:&quot;gradient&quot;}\">\n\t\t\t\t\t\t<div class=\"elementor-container elementor-column-gap-default\">\n\t\t\t\t\t<div class=\"elementor-column elementor-col-50 elementor-top-column elementor-element elementor-element-181f61b\" data-id=\"181f61b\" data-element_type=\"column\">\n\t\t\t<div class=\"elementor-widget-wrap elementor-element-populated\">\n\t\t\t\t\t\t<div class=\"elementor-element elementor-element-1b71973 elementor-widget elementor-widget-image\" data-id=\"1b71973\" data-element_type=\"widget\" data-widget_type=\"image.default\">\n\t\t\t\t<div class=\"elementor-widget-container\">\n\t\t\t\t\t\t\t\t\t\t\t\t\t<img loading=\"lazy\" decoding=\"async\" width=\"768\" height=\"768\" src=\"https:\/\/auto-ecole-du-golfe.fr\/wp-content\/uploads\/2022\/01\/BSROK-768x768.jpg\" class=\"attachment-medium_large size-medium_large wp-image-1628\" alt=\"\" srcset=\"https:\/\/auto-ecole-du-golfe.fr\/wp-content\/uploads\/2022\/01\/BSROK-768x768.jpg 768w, https:\/\/auto-ecole-du-golfe.fr\/wp-content\/uploads\/2022\/01\/BSROK-300x300.jpg 300w, https:\/\/auto-ecole-du-golfe.fr\/wp-content\/uploads\/2022\/01\/BSROK-1024x1024.jpg 1024w, https:\/\/auto-ecole-du-golfe.fr\/wp-content\/uploads\/2022\/01\/BSROK-150x150.jpg 150w, https:\/\/auto-ecole-du-golfe.fr\/wp-content\/uploads\/2022\/01\/BSROK.jpg 1064w\" sizes=\"100vw\" \/>\t\t\t\t\t\t\t\t\t\t\t\t\t<\/div>\n\t\t\t\t<\/div>\n\t\t\t\t\t<\/div>\n\t\t<\/div>\n\t\t\t\t<div class=\"elementor-column elementor-col-50 elementor-top-column elementor-element elementor-element-2ed29ae\" data-id=\"2ed29ae\" data-element_type=\"column\">\n\t\t\t<div class=\"elementor-widget-wrap elementor-element-populated\">\n\t\t\t\t\t\t<div class=\"elementor-element elementor-element-9d9feb2 elementor-widget elementor-widget-text-editor\" data-id=\"9d9feb2\" data-element_type=\"widget\" data-widget_type=\"text-editor.default\">\n\t\t\t\t<div class=\"elementor-widget-container\">\n\t\t\t\t\t\t\t<h1 style=\"text-align: center;\">PERMIS AM<\/h1>\n\n<p style=\"text-align: center;\"><span style=\"color: #ffffff;\">BSR \u00e0 partir de 14 ans<\/span><\/p>\t\t\t\t\t\t<\/div>\n\t\t\t\t<\/div>\n\t\t\t\t<div class=\"elementor-element elementor-element-c6ba8d0 elementor-align-center elementor-widget elementor-widget-button\" data-id=\"c6ba8d0\" data-element_type=\"widget\" data-widget_type=\"button.default\">\n\t\t\t\t<div class=\"elementor-widget-container\">\n\t\t\t\t\t<div class=\"elementor-button-wrapper\">\n\t\t\t<a class=\"elementor-button elementor-button-link elementor-size-md elementor-animation-pulse\" href=\"https:\/\/auto-ecole-du-golfe.fr\/index.php\/2-roues\/permis-am-bsr\/\">\n\t\t\t\t\t\t<span class=\"elementor-button-content-wrapper\">\n\t\t\t\t\t\t<span class=\"elementor-button-text\">D\u00e9couvrez nos offres<\/span>\n\t\t<\/span>\n\t\t\t\t\t<\/a>\n\t\t<\/div>\n\t\t\t\t<\/div>\n\t\t\t\t<\/div>\n\t\t\t\t\t<\/div>\n\t\t<\/div>\n\t\t\t\t\t<\/div>\n\t\t<\/section>\n\t\t\t\t<\/div>\n\t\t","protected":false},"excerpt":{"rendered":"<p>Permis B Boite manuelle D\u00e9couvrez nos offres PERMIS B Boite automatique D\u00e9couvrez nos offres PERMIS 2 ROUES \u00a0 Permis A1 (125cm3) Permis A2 (moto) Passerelle (A2 vers A) D\u00e9couvrez nos offres PERMIS AM BSR \u00e0 partir de 14 ans D\u00e9couvrez nos offres<\/p>\n","protected":false},"author":1,"featured_media":0,"parent":0,"menu_order":0,"comment_status":"closed","ping_status":"closed","template":"","meta":{"footnotes":""},"yoast_head":"<!-- This site is optimized with the Yoast SEO plugin v22.2 - https:\/\/yoast.com\/wordpress\/plugins\/seo\/ -->\n<title>[Auto \u00c9cole du Golfe] Permis B- A1-A2-AM VALLAURIS GOLFE-JUAN 06220<\/title>\n<meta name=\"description\" content=\"Le permis B permet de conduire une voiture ou une camionnette : V\u00e9hicule utilitaire l\u00e9ger de moins de 3,5 tonnes con\u00e7u et construit pour le transport de marchandises. Le certificat d\u2019immatriculation du v\u00e9hicule indique le genre CTTE.. Il permet aussi de conduire, sous conditions, un camping-car, une moto l\u00e9g\u00e8re : V\u00e9hicule \u00e0 2 roues (moto, scooter) \u00e9quip\u00e9 d\u2019un moteur d\u2019une cylindr\u00e9e ne d\u00e9passant pas 125 cm\u00b3 et dont la puissance ne d\u00e9passe pas 11 kilowatts (15 chevaux). (scooter, moto 125) ou un tracteur.\" \/>\n<meta name=\"robots\" content=\"index, follow, max-snippet:-1, max-image-preview:large, max-video-preview:-1\" \/>\n<link rel=\"canonical\" href=\"https:\/\/auto-ecole-du-golfe.fr\/\" \/>\n<meta property=\"og:locale\" content=\"fr_FR\" \/>\n<meta property=\"og:type\" content=\"article\" \/>\n<meta property=\"og:title\" content=\"[Auto \u00c9cole du Golfe] Permis B- A1-A2-AM VALLAURIS GOLFE-JUAN 06220\" \/>\n<meta property=\"og:description\" content=\"Le permis B permet de conduire une voiture ou une camionnette : V\u00e9hicule utilitaire l\u00e9ger de moins de 3,5 tonnes con\u00e7u et construit pour le transport de marchandises. Le certificat d\u2019immatriculation du v\u00e9hicule indique le genre CTTE.. Il permet aussi de conduire, sous conditions, un camping-car, une moto l\u00e9g\u00e8re : V\u00e9hicule \u00e0 2 roues (moto, scooter) \u00e9quip\u00e9 d\u2019un moteur d\u2019une cylindr\u00e9e ne d\u00e9passant pas 125 cm\u00b3 et dont la puissance ne d\u00e9passe pas 11 kilowatts (15 chevaux). (scooter, moto 125) ou un tracteur.\" \/>\n<meta property=\"og:url\" content=\"https:\/\/auto-ecole-du-golfe.fr\/\" \/>\n<meta property=\"article:publisher\" content=\"https:\/\/www.facebook.com\/autoecoledugolfe\" \/>\n<meta property=\"article:modified_time\" content=\"2022-04-03T17:01:27+00:00\" \/>\n<meta property=\"og:image\" content=\"https:\/\/auto-ecole-du-golfe.fr\/wp-content\/uploads\/2021\/12\/Auto2-768x768.jpg\" \/>\n<meta name=\"twitter:card\" content=\"summary_large_image\" \/>\n<meta name=\"twitter:label1\" content=\"Dur\u00e9e de lecture estim\u00e9e\" \/>\n\t<meta name=\"twitter:data1\" content=\"2 minutes\" \/>\n<script type=\"application\/ld+json\" class=\"yoast-schema-graph\">{\"@context\":\"https:\/\/schema.org\",\"@graph\":[{\"@type\":\"WebPage\",\"@id\":\"https:\/\/auto-ecole-du-golfe.fr\/\",\"url\":\"https:\/\/auto-ecole-du-golfe.fr\/\",\"name\":\"[Auto \u00c9cole du Golfe] Permis B- A1-A2-AM VALLAURIS GOLFE-JUAN 06220\",\"isPartOf\":{\"@id\":\"https:\/\/auto-ecole-du-golfe.fr\/#website\"},\"primaryImageOfPage\":{\"@id\":\"https:\/\/auto-ecole-du-golfe.fr\/#primaryimage\"},\"image\":{\"@id\":\"https:\/\/auto-ecole-du-golfe.fr\/#primaryimage\"},\"thumbnailUrl\":\"https:\/\/auto-ecole-du-golfe.fr\/wp-content\/uploads\/2021\/12\/Auto2-768x768.jpg\",\"datePublished\":\"2021-08-09T16:37:20+00:00\",\"dateModified\":\"2022-04-03T17:01:27+00:00\",\"description\":\"Le permis B permet de conduire une voiture ou une camionnette : V\u00e9hicule utilitaire l\u00e9ger de moins de 3,5 tonnes con\u00e7u et construit pour le transport de marchandises. Le certificat d\u2019immatriculation du v\u00e9hicule indique le genre CTTE.. Il permet aussi de conduire, sous conditions, un camping-car, une moto l\u00e9g\u00e8re : V\u00e9hicule \u00e0 2 roues (moto, scooter) \u00e9quip\u00e9 d\u2019un moteur d\u2019une cylindr\u00e9e ne d\u00e9passant pas 125 cm\u00b3 et dont la puissance ne d\u00e9passe pas 11 kilowatts (15 chevaux). (scooter, moto 125) ou un tracteur.\",\"breadcrumb\":{\"@id\":\"https:\/\/auto-ecole-du-golfe.fr\/#breadcrumb\"},\"inLanguage\":\"fr-FR\",\"potentialAction\":[{\"@type\":\"ReadAction\",\"target\":[\"https:\/\/auto-ecole-du-golfe.fr\/\"]}]},{\"@type\":\"ImageObject\",\"inLanguage\":\"fr-FR\",\"@id\":\"https:\/\/auto-ecole-du-golfe.fr\/#primaryimage\",\"url\":\"https:\/\/auto-ecole-du-golfe.fr\/wp-content\/uploads\/2021\/12\/Auto2.jpg\",\"contentUrl\":\"https:\/\/auto-ecole-du-golfe.fr\/wp-content\/uploads\/2021\/12\/Auto2.jpg\",\"width\":1080,\"height\":1080},{\"@type\":\"BreadcrumbList\",\"@id\":\"https:\/\/auto-ecole-du-golfe.fr\/#breadcrumb\",\"itemListElement\":[{\"@type\":\"ListItem\",\"position\":1,\"name\":\"Accueil\",\"item\":\"https:\/\/auto-ecole-du-golfe.fr\/\"},{\"@type\":\"ListItem\",\"position\":2,\"name\":\"Accueil\"}]},{\"@type\":\"WebSite\",\"@id\":\"https:\/\/auto-ecole-du-golfe.fr\/#website\",\"url\":\"https:\/\/auto-ecole-du-golfe.fr\/\",\"name\":\"\",\"description\":\"\",\"publisher\":{\"@id\":\"https:\/\/auto-ecole-du-golfe.fr\/#organization\"},\"potentialAction\":[{\"@type\":\"SearchAction\",\"target\":{\"@type\":\"EntryPoint\",\"urlTemplate\":\"https:\/\/auto-ecole-du-golfe.fr\/?s={search_term_string}\"},\"query-input\":\"required name=search_term_string\"}],\"inLanguage\":\"fr-FR\"},{\"@type\":\"Organization\",\"@id\":\"https:\/\/auto-ecole-du-golfe.fr\/#organization\",\"name\":\"Auto ecole du Golfe\",\"url\":\"https:\/\/auto-ecole-du-golfe.fr\/\",\"logo\":{\"@type\":\"ImageObject\",\"inLanguage\":\"fr-FR\",\"@id\":\"https:\/\/auto-ecole-du-golfe.fr\/#\/schema\/logo\/image\/\",\"url\":\"https:\/\/auto-ecole-du-golfe.fr\/wp-content\/uploads\/2021\/12\/cropped-logo.jpg\",\"contentUrl\":\"https:\/\/auto-ecole-du-golfe.fr\/wp-content\/uploads\/2021\/12\/cropped-logo.jpg\",\"width\":512,\"height\":512,\"caption\":\"Auto ecole du Golfe\"},\"image\":{\"@id\":\"https:\/\/auto-ecole-du-golfe.fr\/#\/schema\/logo\/image\/\"},\"sameAs\":[\"https:\/\/www.facebook.com\/autoecoledugolfe\"]}]}<\/script>\n<!-- \/ Yoast SEO plugin. -->","yoast_head_json":{"title":"[Auto \u00c9cole du Golfe] Permis B- A1-A2-AM VALLAURIS GOLFE-JUAN 06220","description":"Le permis B permet de conduire une voiture ou une camionnette : V\u00e9hicule utilitaire l\u00e9ger de moins de 3,5 tonnes con\u00e7u et construit pour le transport de marchandises. Le certificat d\u2019immatriculation du v\u00e9hicule indique le genre CTTE.. Il permet aussi de conduire, sous conditions, un camping-car, une moto l\u00e9g\u00e8re : V\u00e9hicule \u00e0 2 roues (moto, scooter) \u00e9quip\u00e9 d\u2019un moteur d\u2019une cylindr\u00e9e ne d\u00e9passant pas 125 cm\u00b3 et dont la puissance ne d\u00e9passe pas 11 kilowatts (15 chevaux). (scooter, moto 125) ou un tracteur.","robots":{"index":"index","follow":"follow","max-snippet":"max-snippet:-1","max-image-preview":"max-image-preview:large","max-video-preview":"max-video-preview:-1"},"canonical":"https:\/\/auto-ecole-du-golfe.fr\/","og_locale":"fr_FR","og_type":"article","og_title":"[Auto \u00c9cole du Golfe] Permis B- A1-A2-AM VALLAURIS GOLFE-JUAN 06220","og_description":"Le permis B permet de conduire une voiture ou une camionnette : V\u00e9hicule utilitaire l\u00e9ger de moins de 3,5 tonnes con\u00e7u et construit pour le transport de marchandises. Le certificat d\u2019immatriculation du v\u00e9hicule indique le genre CTTE.. Il permet aussi de conduire, sous conditions, un camping-car, une moto l\u00e9g\u00e8re : V\u00e9hicule \u00e0 2 roues (moto, scooter) \u00e9quip\u00e9 d\u2019un moteur d\u2019une cylindr\u00e9e ne d\u00e9passant pas 125 cm\u00b3 et dont la puissance ne d\u00e9passe pas 11 kilowatts (15 chevaux). (scooter, moto 125) ou un tracteur.","og_url":"https:\/\/auto-ecole-du-golfe.fr\/","article_publisher":"https:\/\/www.facebook.com\/autoecoledugolfe","article_modified_time":"2022-04-03T17:01:27+00:00","og_image":[{"url":"https:\/\/auto-ecole-du-golfe.fr\/wp-content\/uploads\/2021\/12\/Auto2-768x768.jpg"}],"twitter_card":"summary_large_image","twitter_misc":{"Dur\u00e9e de lecture estim\u00e9e":"2 minutes"},"schema":{"@context":"https:\/\/schema.org","@graph":[{"@type":"WebPage","@id":"https:\/\/auto-ecole-du-golfe.fr\/","url":"https:\/\/auto-ecole-du-golfe.fr\/","name":"[Auto \u00c9cole du Golfe] Permis B- A1-A2-AM VALLAURIS GOLFE-JUAN 06220","isPartOf":{"@id":"https:\/\/auto-ecole-du-golfe.fr\/#website"},"primaryImageOfPage":{"@id":"https:\/\/auto-ecole-du-golfe.fr\/#primaryimage"},"image":{"@id":"https:\/\/auto-ecole-du-golfe.fr\/#primaryimage"},"thumbnailUrl":"https:\/\/auto-ecole-du-golfe.fr\/wp-content\/uploads\/2021\/12\/Auto2-768x768.jpg","datePublished":"2021-08-09T16:37:20+00:00","dateModified":"2022-04-03T17:01:27+00:00","description":"Le permis B permet de conduire une voiture ou une camionnette : V\u00e9hicule utilitaire l\u00e9ger de moins de 3,5 tonnes con\u00e7u et construit pour le transport de marchandises. Le certificat d\u2019immatriculation du v\u00e9hicule indique le genre CTTE.. Il permet aussi de conduire, sous conditions, un camping-car, une moto l\u00e9g\u00e8re : V\u00e9hicule \u00e0 2 roues (moto, scooter) \u00e9quip\u00e9 d\u2019un moteur d\u2019une cylindr\u00e9e ne d\u00e9passant pas 125 cm\u00b3 et dont la puissance ne d\u00e9passe pas 11 kilowatts (15 chevaux). (scooter, moto 125) ou un tracteur.","breadcrumb":{"@id":"https:\/\/auto-ecole-du-golfe.fr\/#breadcrumb"},"inLanguage":"fr-FR","potentialAction":[{"@type":"ReadAction","target":["https:\/\/auto-ecole-du-golfe.fr\/"]}]},{"@type":"ImageObject","inLanguage":"fr-FR","@id":"https:\/\/auto-ecole-du-golfe.fr\/#primaryimage","url":"https:\/\/auto-ecole-du-golfe.fr\/wp-content\/uploads\/2021\/12\/Auto2.jpg","contentUrl":"https:\/\/auto-ecole-du-golfe.fr\/wp-content\/uploads\/2021\/12\/Auto2.jpg","width":1080,"height":1080},{"@type":"BreadcrumbList","@id":"https:\/\/auto-ecole-du-golfe.fr\/#breadcrumb","itemListElement":[{"@type":"ListItem","position":1,"name":"Accueil","item":"https:\/\/auto-ecole-du-golfe.fr\/"},{"@type":"ListItem","position":2,"name":"Accueil"}]},{"@type":"WebSite","@id":"https:\/\/auto-ecole-du-golfe.fr\/#website","url":"https:\/\/auto-ecole-du-golfe.fr\/","name":"","description":"","publisher":{"@id":"https:\/\/auto-ecole-du-golfe.fr\/#organization"},"potentialAction":[{"@type":"SearchAction","target":{"@type":"EntryPoint","urlTemplate":"https:\/\/auto-ecole-du-golfe.fr\/?s={search_term_string}"},"query-input":"required name=search_term_string"}],"inLanguage":"fr-FR"},{"@type":"Organization","@id":"https:\/\/auto-ecole-du-golfe.fr\/#organization","name":"Auto ecole du Golfe","url":"https:\/\/auto-ecole-du-golfe.fr\/","logo":{"@type":"ImageObject","inLanguage":"fr-FR","@id":"https:\/\/auto-ecole-du-golfe.fr\/#\/schema\/logo\/image\/","url":"https:\/\/auto-ecole-du-golfe.fr\/wp-content\/uploads\/2021\/12\/cropped-logo.jpg","contentUrl":"https:\/\/auto-ecole-du-golfe.fr\/wp-content\/uploads\/2021\/12\/cropped-logo.jpg","width":512,"height":512,"caption":"Auto ecole du Golfe"},"image":{"@id":"https:\/\/auto-ecole-du-golfe.fr\/#\/schema\/logo\/image\/"},"sameAs":["https:\/\/www.facebook.com\/autoecoledugolfe"]}]}},"_links":{"self":[{"href":"https:\/\/auto-ecole-du-golfe.fr\/index.php\/wp-json\/wp\/v2\/pages\/6"}],"collection":[{"href":"https:\/\/auto-ecole-du-golfe.fr\/index.php\/wp-json\/wp\/v2\/pages"}],"about":[{"href":"https:\/\/auto-ecole-du-golfe.fr\/index.php\/wp-json\/wp\/v2\/types\/page"}],"author":[{"embeddable":true,"href":"https:\/\/auto-ecole-du-golfe.fr\/index.php\/wp-json\/wp\/v2\/users\/1"}],"replies":[{"embeddable":true,"href":"https:\/\/auto-ecole-du-golfe.fr\/index.php\/wp-json\/wp\/v2\/comments?post=6"}],"version-history":[{"count":156,"href":"https:\/\/auto-ecole-du-golfe.fr\/index.php\/wp-json\/wp\/v2\/pages\/6\/revisions"}],"predecessor-version":[{"id":1935,"href":"https:\/\/auto-ecole-du-golfe.fr\/index.php\/wp-json\/wp\/v2\/pages\/6\/revisions\/1935"}],"wp:attachment":[{"href":"https:\/\/auto-ecole-du-golfe.fr\/index.php\/wp-json\/wp\/v2\/media?parent=6"}],"curies":[{"name":"wp","href":"https:\/\/api.w.org\/{rel}","templated":true}]}}