{"id":1347,"date":"2022-01-07T23:32:25","date_gmt":"2022-01-07T22:32:25","guid":{"rendered":"https:\/\/auto-ecole-du-golfe.fr\/?page_id=1347"},"modified":"2022-01-28T17:05:19","modified_gmt":"2022-01-28T16:05:19","slug":"documents-b","status":"publish","type":"page","link":"https:\/\/auto-ecole-du-golfe.fr\/index.php\/documents-b\/","title":{"rendered":"Documents B"},"content":{"rendered":"\t\t<div data-elementor-type=\"wp-page\" data-elementor-id=\"1347\" class=\"elementor elementor-1347\">\n\t\t\t\t\t\t<section class=\"elementor-section elementor-top-section elementor-element elementor-element-2405eb3 elementor-section-boxed elementor-section-height-default elementor-section-height-default\" data-id=\"2405eb3\" data-element_type=\"section\">\n\t\t\t\t\t\t<div class=\"elementor-container elementor-column-gap-default\">\n\t\t\t\t\t<div class=\"elementor-column elementor-col-100 elementor-top-column elementor-element elementor-element-8e38f49\" data-id=\"8e38f49\" data-element_type=\"column\">\n\t\t\t<div class=\"elementor-widget-wrap elementor-element-populated\">\n\t\t\t\t\t\t<div class=\"elementor-element elementor-element-f0a4a09 elementor-widget elementor-widget-text-editor\" data-id=\"f0a4a09\" data-element_type=\"widget\" data-widget_type=\"text-editor.default\">\n\t\t\t\t<div class=\"elementor-widget-container\">\n\t\t\t<style>\/*! elementor - v3.20.0 - 11-03-2024 *\/\n.elementor-widget-text-editor.elementor-drop-cap-view-stacked .elementor-drop-cap{background-color:#69727d;color:#fff}.elementor-widget-text-editor.elementor-drop-cap-view-framed .elementor-drop-cap{color:#69727d;border:3px solid;background-color:transparent}.elementor-widget-text-editor:not(.elementor-drop-cap-view-default) .elementor-drop-cap{margin-top:8px}.elementor-widget-text-editor:not(.elementor-drop-cap-view-default) .elementor-drop-cap-letter{width:1em;height:1em}.elementor-widget-text-editor .elementor-drop-cap{float:left;text-align:center;line-height:1;font-size:50px}.elementor-widget-text-editor .elementor-drop-cap-letter{display:inline-block}<\/style>\t\t\t\t<h1 style=\"text-align: center;\">Documents \u00e0 fournir pour vous inscrire au permis B.<\/h1>\t\t\t\t\t\t<\/div>\n\t\t\t\t<\/div>\n\t\t\t\t\t<\/div>\n\t\t<\/div>\n\t\t\t\t\t<\/div>\n\t\t<\/section>\n\t\t\t\t<section class=\"elementor-section elementor-top-section elementor-element elementor-element-b138b8d elementor-section-boxed elementor-section-height-default elementor-section-height-default\" data-id=\"b138b8d\" data-element_type=\"section\">\n\t\t\t\t\t\t<div class=\"elementor-container elementor-column-gap-default\">\n\t\t\t\t\t<div class=\"elementor-column elementor-col-100 elementor-top-column elementor-element elementor-element-8d68317\" data-id=\"8d68317\" data-element_type=\"column\">\n\t\t\t<div class=\"elementor-widget-wrap elementor-element-populated\">\n\t\t\t\t\t\t<div class=\"elementor-element elementor-element-6cc9f62 elementor-widget elementor-widget-text-editor\" data-id=\"6cc9f62\" data-element_type=\"widget\" data-widget_type=\"text-editor.default\">\n\t\t\t\t<div class=\"elementor-widget-container\">\n\t\t\t\t\t\t\t<div class=\"wp-block-columns\" style=\"text-align: center;\">\n<div class=\"wp-block-column\">\n<h3 class=\"has-text-align-center has-vivid-cyan-blue-background-color has-background\">PERMIS B &amp; CONDUITE ACCOMPAGN\u00c9E<\/h3>\n<figure class=\"wp-block-table\">\n<table>\n<tbody>\n<tr>\n<td>Un code photo\/signature issu d\u2019une cabine photo ou photographe \u00ab Agr\u00e9\u00e9 ANTS \u00bb&nbsp;&nbsp;<a href=\"https:\/\/permisdeconduire.ants.gouv.fr\/Services-associes\/Ou-faire-ma-photo-et-ma-signature-numerisee\" target=\"_blank\" rel=\"noreferrer noopener\">(Comment l\u2019obtenir)<\/a><\/td>\n<\/tr>\n<tr>\n<td>2 photos d\u2019identit\u00e9<\/td>\n<\/tr>\n<tr>\n<td>&nbsp;Un exemplaire photographi\u00e9 ou num\u00e9ris\u00e9 d\u2019un justificatif d\u2019identit\u00e9<\/td>\n<\/tr>\n<tr>\n<td>Un exemplaire photographi\u00e9 ou num\u00e9ris\u00e9 d\u2019un justificatif de domicile&nbsp;<a href=\"https:\/\/www.service-public.fr\/particuliers\/vosdroits\/F31847\" target=\"_blank\" rel=\"noreferrer noopener\">(comment l\u2019obtenir)<\/a><\/td>\n<\/tr>\n<tr>\n<td>Quatre timbres tarifs en vigueur + deux enveloppes format A5<\/td>\n<\/tr>\n<tr>\n<td><em><strong>* Si vous \u00eates h\u00e9berg\u00e9 chez un tier, il faut ajouter&nbsp;<\/strong><\/em>:<\/td>\n<\/tr>\n<tr>\n<td>Une lettre attestant de votre domiciliation <a href=\"http:\/\/www.modele-lettre-type.com\/immobilier-logement\/lettre-attestation-hebergement.php\" target=\"_blank\" rel=\"noreferrer noopener\">(Voir un exemple)<\/a><\/td>\n<\/tr>\n<tr>\n<td>&nbsp;Une copie recto\/verso de la pi\u00e8ce d\u2019identit\u00e9 de votre h\u00e9bergeur<\/td>\n<\/tr>\n<tr>\n<td><em><strong>&nbsp;* Pour les candidats Fran\u00e7ais \u00e2g\u00e9s de 17 ans&nbsp; \u00e0 25 ans, il faut ajouter<\/strong><\/em> :<\/td>\n<\/tr>\n<tr>\n<td>Un exemplaire photographi\u00e9 ou num\u00e9ris\u00e9 du certificat individuel de participation \u00e0 la journ\u00e9e d\u00e9fense et citoyennet\u00e9 (JDC) Ou de l\u2019attestation provisoire en instance de convocation \u00e0 la journ\u00e9e d\u00e9fense et citoyennet\u00e9 (JDC) ou de l\u2019attestation individuelle d\u2019exemption.<a href=\"https:\/\/www.service-public.fr\/particuliers\/vosdroits\/F1290\" rel=\"noopener\" target=\"_blank\"><span style=\"color: #0000ff;\"> (Comment l&rsquo;obtenir)<\/a> <\/span>&nbsp;<\/td>\n<\/tr>\n<\/tbody>\n<\/table>\n<\/figure>\n<\/div><\/div>\t\t\t\t\t\t<\/div>\n\t\t\t\t<\/div>\n\t\t\t\t\t<\/div>\n\t\t<\/div>\n\t\t\t\t\t<\/div>\n\t\t<\/section>\n\t\t\t\t<section class=\"elementor-section elementor-top-section elementor-element elementor-element-061a25a elementor-section-boxed elementor-section-height-default elementor-section-height-default\" data-id=\"061a25a\" data-element_type=\"section\">\n\t\t\t\t\t\t<div class=\"elementor-container elementor-column-gap-default\">\n\t\t\t\t\t<div class=\"elementor-column elementor-col-100 elementor-top-column elementor-element elementor-element-608a7b2\" data-id=\"608a7b2\" data-element_type=\"column\">\n\t\t\t<div class=\"elementor-widget-wrap elementor-element-populated\">\n\t\t\t\t\t\t<div class=\"elementor-element elementor-element-4b1f224 elementor-widget elementor-widget-text-editor\" data-id=\"4b1f224\" data-element_type=\"widget\" data-widget_type=\"text-editor.default\">\n\t\t\t\t<div class=\"elementor-widget-container\">\n\t\t\t\t\t\t\t<h1 style=\"text-align: center;\">Vous avez une question ?<\/h1>\t\t\t\t\t\t<\/div>\n\t\t\t\t<\/div>\n\t\t\t\t\t<\/div>\n\t\t<\/div>\n\t\t\t\t\t<\/div>\n\t\t<\/section>\n\t\t\t\t<section class=\"elementor-section elementor-top-section elementor-element elementor-element-d0e04b3 elementor-section-boxed elementor-section-height-default elementor-section-height-default\" data-id=\"d0e04b3\" data-element_type=\"section\">\n\t\t\t\t\t\t<div class=\"elementor-container elementor-column-gap-default\">\n\t\t\t\t\t<div class=\"elementor-column elementor-col-100 elementor-top-column elementor-element elementor-element-331eb35\" data-id=\"331eb35\" data-element_type=\"column\">\n\t\t\t<div class=\"elementor-widget-wrap elementor-element-populated\">\n\t\t\t\t\t\t<div class=\"elementor-element elementor-element-3ff66ae elementor-widget elementor-widget-text-editor\" data-id=\"3ff66ae\" data-element_type=\"widget\" data-widget_type=\"text-editor.default\">\n\t\t\t\t<div class=\"elementor-widget-container\">\n\t\t\t\t\t\t\t<p style=\"text-align: center;\">Vous souhaitez plus d&rsquo;informations sur le d\u00e9tail des documents \u00e0 fournir ?\u00a0 <br \/>N&rsquo;h\u00e9sitez pas \u00e0 nous contacter par t\u00e9l\u00e9phone au <b>04.93.63.17.54<\/b> ou via notre formulaire de contact.<\/p>\t\t\t\t\t\t<\/div>\n\t\t\t\t<\/div>\n\t\t\t\t\t<\/div>\n\t\t<\/div>\n\t\t\t\t\t<\/div>\n\t\t<\/section>\n\t\t\t\t<section class=\"elementor-section elementor-top-section elementor-element elementor-element-2c7e918 elementor-section-boxed elementor-section-height-default elementor-section-height-default\" data-id=\"2c7e918\" data-element_type=\"section\">\n\t\t\t\t\t\t<div class=\"elementor-container elementor-column-gap-default\">\n\t\t\t\t\t<div class=\"elementor-column elementor-col-100 elementor-top-column elementor-element elementor-element-60fe263\" data-id=\"60fe263\" data-element_type=\"column\">\n\t\t\t<div class=\"elementor-widget-wrap elementor-element-populated\">\n\t\t\t\t\t\t<div class=\"elementor-element elementor-element-f03a02d elementor-align-center elementor-widget elementor-widget-button\" data-id=\"f03a02d\" data-element_type=\"widget\" data-widget_type=\"button.default\">\n\t\t\t\t<div class=\"elementor-widget-container\">\n\t\t\t\t\t<div class=\"elementor-button-wrapper\">\n\t\t\t<a class=\"elementor-button elementor-button-link elementor-size-md elementor-animation-pulse\" href=\"https:\/\/auto-ecole-du-golfe.fr\/index.php\/contact\/\">\n\t\t\t\t\t\t<span class=\"elementor-button-content-wrapper\">\n\t\t\t\t\t\t<span class=\"elementor-button-text\">Contactez-nous<\/span>\n\t\t<\/span>\n\t\t\t\t\t<\/a>\n\t\t<\/div>\n\t\t\t\t<\/div>\n\t\t\t\t<\/div>\n\t\t\t\t\t<\/div>\n\t\t<\/div>\n\t\t\t\t\t<\/div>\n\t\t<\/section>\n\t\t\t\t<\/div>\n\t\t","protected":false},"excerpt":{"rendered":"<p>Documents \u00e0 fournir pour vous inscrire au permis B. PERMIS B &amp; CONDUITE ACCOMPAGN\u00c9E Un code photo\/signature issu d\u2019une cabine photo ou photographe \u00ab Agr\u00e9\u00e9 ANTS \u00bb&nbsp;&nbsp;(Comment l\u2019obtenir) 2 photos d\u2019identit\u00e9 &nbsp;Un exemplaire photographi\u00e9 ou num\u00e9ris\u00e9 d\u2019un justificatif d\u2019identit\u00e9 Un exemplaire photographi\u00e9 ou num\u00e9ris\u00e9 d\u2019un justificatif de domicile&nbsp;(comment l\u2019obtenir) Quatre timbres tarifs en vigueur + &hellip; <\/p>\n<p class=\"link-more\"><a href=\"https:\/\/auto-ecole-du-golfe.fr\/index.php\/documents-b\/\" class=\"more-link\">Lire la suite de<span class=\"screen-reader-text\">\u00ab\u00a0Documents B\u00a0\u00bb<\/span><\/a><\/p>\n","protected":false},"author":1,"featured_media":0,"parent":0,"menu_order":0,"comment_status":"closed","ping_status":"closed","template":"","meta":{"footnotes":""},"yoast_head":"<!-- This site is optimized with the Yoast SEO plugin v22.2 - https:\/\/yoast.com\/wordpress\/plugins\/seo\/ -->\n<title>Documents B -<\/title>\n<meta name=\"robots\" content=\"index, follow, max-snippet:-1, max-image-preview:large, max-video-preview:-1\" \/>\n<link rel=\"canonical\" href=\"https:\/\/auto-ecole-du-golfe.fr\/index.php\/documents-b\/\" \/>\n<meta property=\"og:locale\" content=\"fr_FR\" \/>\n<meta property=\"og:type\" content=\"article\" \/>\n<meta property=\"og:title\" content=\"Documents B -\" \/>\n<meta property=\"og:description\" content=\"Documents \u00e0 fournir pour vous inscrire au permis B. PERMIS B &amp; CONDUITE ACCOMPAGN\u00c9E Un code photo\/signature issu d\u2019une cabine photo ou photographe \u00ab Agr\u00e9\u00e9 ANTS \u00bb&nbsp;&nbsp;(Comment l\u2019obtenir) 2 photos d\u2019identit\u00e9 &nbsp;Un exemplaire photographi\u00e9 ou num\u00e9ris\u00e9 d\u2019un justificatif d\u2019identit\u00e9 Un exemplaire photographi\u00e9 ou num\u00e9ris\u00e9 d\u2019un justificatif de domicile&nbsp;(comment l\u2019obtenir) Quatre timbres tarifs en vigueur + &hellip; Lire la suite de\u00ab\u00a0Documents B\u00a0\u00bb\" \/>\n<meta property=\"og:url\" content=\"https:\/\/auto-ecole-du-golfe.fr\/index.php\/documents-b\/\" \/>\n<meta property=\"article:publisher\" content=\"https:\/\/www.facebook.com\/autoecoledugolfe\" \/>\n<meta property=\"article:modified_time\" content=\"2022-01-28T16:05:19+00:00\" \/>\n<meta name=\"twitter:card\" content=\"summary_large_image\" \/>\n<meta name=\"twitter:label1\" content=\"Dur\u00e9e de lecture estim\u00e9e\" \/>\n\t<meta name=\"twitter:data1\" content=\"1 minute\" \/>\n<script type=\"application\/ld+json\" class=\"yoast-schema-graph\">{\"@context\":\"https:\/\/schema.org\",\"@graph\":[{\"@type\":\"WebPage\",\"@id\":\"https:\/\/auto-ecole-du-golfe.fr\/index.php\/documents-b\/\",\"url\":\"https:\/\/auto-ecole-du-golfe.fr\/index.php\/documents-b\/\",\"name\":\"Documents B -\",\"isPartOf\":{\"@id\":\"https:\/\/auto-ecole-du-golfe.fr\/#website\"},\"datePublished\":\"2022-01-07T22:32:25+00:00\",\"dateModified\":\"2022-01-28T16:05:19+00:00\",\"breadcrumb\":{\"@id\":\"https:\/\/auto-ecole-du-golfe.fr\/index.php\/documents-b\/#breadcrumb\"},\"inLanguage\":\"fr-FR\",\"potentialAction\":[{\"@type\":\"ReadAction\",\"target\":[\"https:\/\/auto-ecole-du-golfe.fr\/index.php\/documents-b\/\"]}]},{\"@type\":\"BreadcrumbList\",\"@id\":\"https:\/\/auto-ecole-du-golfe.fr\/index.php\/documents-b\/#breadcrumb\",\"itemListElement\":[{\"@type\":\"ListItem\",\"position\":1,\"name\":\"Accueil\",\"item\":\"https:\/\/auto-ecole-du-golfe.fr\/\"},{\"@type\":\"ListItem\",\"position\":2,\"name\":\"Documents B\"}]},{\"@type\":\"WebSite\",\"@id\":\"https:\/\/auto-ecole-du-golfe.fr\/#website\",\"url\":\"https:\/\/auto-ecole-du-golfe.fr\/\",\"name\":\"\",\"description\":\"\",\"publisher\":{\"@id\":\"https:\/\/auto-ecole-du-golfe.fr\/#organization\"},\"potentialAction\":[{\"@type\":\"SearchAction\",\"target\":{\"@type\":\"EntryPoint\",\"urlTemplate\":\"https:\/\/auto-ecole-du-golfe.fr\/?s={search_term_string}\"},\"query-input\":\"required name=search_term_string\"}],\"inLanguage\":\"fr-FR\"},{\"@type\":\"Organization\",\"@id\":\"https:\/\/auto-ecole-du-golfe.fr\/#organization\",\"name\":\"Auto ecole du Golfe\",\"url\":\"https:\/\/auto-ecole-du-golfe.fr\/\",\"logo\":{\"@type\":\"ImageObject\",\"inLanguage\":\"fr-FR\",\"@id\":\"https:\/\/auto-ecole-du-golfe.fr\/#\/schema\/logo\/image\/\",\"url\":\"https:\/\/auto-ecole-du-golfe.fr\/wp-content\/uploads\/2021\/12\/cropped-logo.jpg\",\"contentUrl\":\"https:\/\/auto-ecole-du-golfe.fr\/wp-content\/uploads\/2021\/12\/cropped-logo.jpg\",\"width\":512,\"height\":512,\"caption\":\"Auto ecole du Golfe\"},\"image\":{\"@id\":\"https:\/\/auto-ecole-du-golfe.fr\/#\/schema\/logo\/image\/\"},\"sameAs\":[\"https:\/\/www.facebook.com\/autoecoledugolfe\"]}]}<\/script>\n<!-- \/ Yoast SEO plugin. -->","yoast_head_json":{"title":"Documents B -","robots":{"index":"index","follow":"follow","max-snippet":"max-snippet:-1","max-image-preview":"max-image-preview:large","max-video-preview":"max-video-preview:-1"},"canonical":"https:\/\/auto-ecole-du-golfe.fr\/index.php\/documents-b\/","og_locale":"fr_FR","og_type":"article","og_title":"Documents B -","og_description":"Documents \u00e0 fournir pour vous inscrire au permis B. PERMIS B &amp; CONDUITE ACCOMPAGN\u00c9E Un code photo\/signature issu d\u2019une cabine photo ou photographe \u00ab Agr\u00e9\u00e9 ANTS \u00bb&nbsp;&nbsp;(Comment l\u2019obtenir) 2 photos d\u2019identit\u00e9 &nbsp;Un exemplaire photographi\u00e9 ou num\u00e9ris\u00e9 d\u2019un justificatif d\u2019identit\u00e9 Un exemplaire photographi\u00e9 ou num\u00e9ris\u00e9 d\u2019un justificatif de domicile&nbsp;(comment l\u2019obtenir) Quatre timbres tarifs en vigueur + &hellip; Lire la suite de\u00ab\u00a0Documents B\u00a0\u00bb","og_url":"https:\/\/auto-ecole-du-golfe.fr\/index.php\/documents-b\/","article_publisher":"https:\/\/www.facebook.com\/autoecoledugolfe","article_modified_time":"2022-01-28T16:05:19+00:00","twitter_card":"summary_large_image","twitter_misc":{"Dur\u00e9e de lecture estim\u00e9e":"1 minute"},"schema":{"@context":"https:\/\/schema.org","@graph":[{"@type":"WebPage","@id":"https:\/\/auto-ecole-du-golfe.fr\/index.php\/documents-b\/","url":"https:\/\/auto-ecole-du-golfe.fr\/index.php\/documents-b\/","name":"Documents B -","isPartOf":{"@id":"https:\/\/auto-ecole-du-golfe.fr\/#website"},"datePublished":"2022-01-07T22:32:25+00:00","dateModified":"2022-01-28T16:05:19+00:00","breadcrumb":{"@id":"https:\/\/auto-ecole-du-golfe.fr\/index.php\/documents-b\/#breadcrumb"},"inLanguage":"fr-FR","potentialAction":[{"@type":"ReadAction","target":["https:\/\/auto-ecole-du-golfe.fr\/index.php\/documents-b\/"]}]},{"@type":"BreadcrumbList","@id":"https:\/\/auto-ecole-du-golfe.fr\/index.php\/documents-b\/#breadcrumb","itemListElement":[{"@type":"ListItem","position":1,"name":"Accueil","item":"https:\/\/auto-ecole-du-golfe.fr\/"},{"@type":"ListItem","position":2,"name":"Documents B"}]},{"@type":"WebSite","@id":"https:\/\/auto-ecole-du-golfe.fr\/#website","url":"https:\/\/auto-ecole-du-golfe.fr\/","name":"","description":"","publisher":{"@id":"https:\/\/auto-ecole-du-golfe.fr\/#organization"},"potentialAction":[{"@type":"SearchAction","target":{"@type":"EntryPoint","urlTemplate":"https:\/\/auto-ecole-du-golfe.fr\/?s={search_term_string}"},"query-input":"required name=search_term_string"}],"inLanguage":"fr-FR"},{"@type":"Organization","@id":"https:\/\/auto-ecole-du-golfe.fr\/#organization","name":"Auto ecole du Golfe","url":"https:\/\/auto-ecole-du-golfe.fr\/","logo":{"@type":"ImageObject","inLanguage":"fr-FR","@id":"https:\/\/auto-ecole-du-golfe.fr\/#\/schema\/logo\/image\/","url":"https:\/\/auto-ecole-du-golfe.fr\/wp-content\/uploads\/2021\/12\/cropped-logo.jpg","contentUrl":"https:\/\/auto-ecole-du-golfe.fr\/wp-content\/uploads\/2021\/12\/cropped-logo.jpg","width":512,"height":512,"caption":"Auto ecole du Golfe"},"image":{"@id":"https:\/\/auto-ecole-du-golfe.fr\/#\/schema\/logo\/image\/"},"sameAs":["https:\/\/www.facebook.com\/autoecoledugolfe"]}]}},"_links":{"self":[{"href":"https:\/\/auto-ecole-du-golfe.fr\/index.php\/wp-json\/wp\/v2\/pages\/1347"}],"collection":[{"href":"https:\/\/auto-ecole-du-golfe.fr\/index.php\/wp-json\/wp\/v2\/pages"}],"about":[{"href":"https:\/\/auto-ecole-du-golfe.fr\/index.php\/wp-json\/wp\/v2\/types\/page"}],"author":[{"embeddable":true,"href":"https:\/\/auto-ecole-du-golfe.fr\/index.php\/wp-json\/wp\/v2\/users\/1"}],"replies":[{"embeddable":true,"href":"https:\/\/auto-ecole-du-golfe.fr\/index.php\/wp-json\/wp\/v2\/comments?post=1347"}],"version-history":[{"count":22,"href":"https:\/\/auto-ecole-du-golfe.fr\/index.php\/wp-json\/wp\/v2\/pages\/1347\/revisions"}],"predecessor-version":[{"id":1832,"href":"https:\/\/auto-ecole-du-golfe.fr\/index.php\/wp-json\/wp\/v2\/pages\/1347\/revisions\/1832"}],"wp:attachment":[{"href":"https:\/\/auto-ecole-du-golfe.fr\/index.php\/wp-json\/wp\/v2\/media?parent=1347"}],"curies":[{"name":"wp","href":"https:\/\/api.w.org\/{rel}","templated":true}]}}