{"id":1230,"date":"2022-01-04T21:14:06","date_gmt":"2022-01-04T20:14:06","guid":{"rendered":"https:\/\/auto-ecole-du-golfe.fr\/?page_id=1230"},"modified":"2022-01-28T17:05:59","modified_gmt":"2022-01-28T16:05:59","slug":"documents-moto","status":"publish","type":"page","link":"https:\/\/auto-ecole-du-golfe.fr\/index.php\/documents-moto\/","title":{"rendered":"Documents Moto"},"content":{"rendered":"\t\t<div data-elementor-type=\"wp-page\" data-elementor-id=\"1230\" class=\"elementor elementor-1230\">\n\t\t\t\t\t\t<section class=\"elementor-section elementor-top-section elementor-element elementor-element-b913460 elementor-section-boxed elementor-section-height-default elementor-section-height-default\" data-id=\"b913460\" data-element_type=\"section\">\n\t\t\t\t\t\t<div class=\"elementor-container elementor-column-gap-default\">\n\t\t\t\t\t<div class=\"elementor-column elementor-col-100 elementor-top-column elementor-element elementor-element-bbfd41f\" data-id=\"bbfd41f\" data-element_type=\"column\">\n\t\t\t<div class=\"elementor-widget-wrap elementor-element-populated\">\n\t\t\t\t\t\t<div class=\"elementor-element elementor-element-ff1b120 elementor-widget elementor-widget-text-editor\" data-id=\"ff1b120\" data-element_type=\"widget\" data-widget_type=\"text-editor.default\">\n\t\t\t\t<div class=\"elementor-widget-container\">\n\t\t\t<style>\/*! elementor - v3.20.0 - 11-03-2024 *\/\n.elementor-widget-text-editor.elementor-drop-cap-view-stacked .elementor-drop-cap{background-color:#69727d;color:#fff}.elementor-widget-text-editor.elementor-drop-cap-view-framed .elementor-drop-cap{color:#69727d;border:3px solid;background-color:transparent}.elementor-widget-text-editor:not(.elementor-drop-cap-view-default) .elementor-drop-cap{margin-top:8px}.elementor-widget-text-editor:not(.elementor-drop-cap-view-default) .elementor-drop-cap-letter{width:1em;height:1em}.elementor-widget-text-editor .elementor-drop-cap{float:left;text-align:center;line-height:1;font-size:50px}.elementor-widget-text-editor .elementor-drop-cap-letter{display:inline-block}<\/style>\t\t\t\t<h1>Documents \u00e0 fournir pour vous inscrire au permis A2 \/ A1<\/h1>\t\t\t\t\t\t<\/div>\n\t\t\t\t<\/div>\n\t\t\t\t\t<\/div>\n\t\t<\/div>\n\t\t\t\t\t<\/div>\n\t\t<\/section>\n\t\t\t\t<section class=\"elementor-section elementor-top-section elementor-element elementor-element-e6bd25c elementor-section-boxed elementor-section-height-default elementor-section-height-default\" data-id=\"e6bd25c\" data-element_type=\"section\">\n\t\t\t\t\t\t<div class=\"elementor-container elementor-column-gap-default\">\n\t\t\t\t\t<div class=\"elementor-column elementor-col-100 elementor-top-column elementor-element elementor-element-b01ae95\" data-id=\"b01ae95\" data-element_type=\"column\">\n\t\t\t<div class=\"elementor-widget-wrap elementor-element-populated\">\n\t\t\t\t\t\t<div class=\"elementor-element elementor-element-8e349bf elementor-widget elementor-widget-text-editor\" data-id=\"8e349bf\" data-element_type=\"widget\" data-widget_type=\"text-editor.default\">\n\t\t\t\t<div class=\"elementor-widget-container\">\n\t\t\t\t\t\t\t<p><!-- wp:heading {\"textAlign\":\"center\",\"level\":3,\"backgroundColor\":\"vivid-cyan-blue\"} --><\/p>\n<h3 class=\"has-text-align-center has-vivid-cyan-blue-background-color has-background\">PERMIS A2 \/ A1<\/h3>\n<p><!-- \/wp:heading --><\/p>\n<p><!-- \/wp:heading --><\/p>\n<p><!-- wp:table --><\/p>\n<figure class=\"wp-block-table\">\n<table>\n<tbody>\n<tr>\n<td>Un code photo\/signature issu d\u2019une cabine photo ou photographe \u00ab Agr\u00e9\u00e9 ANTS \u00bb<a href=\"https:\/\/permisdeconduire.ants.gouv.fr\/services\/geolocaliser-les-photographes-habilites\" target=\"_blank\" rel=\"noreferrer noopener\"> (comment l\u2019obtenir)<\/a><\/td>\n<\/tr>\n<tr>\n<td>Un exemplaire photographi\u00e9 ou num\u00e9ris\u00e9 d\u2019un justificatif d\u2019identit\u00e9 en cours de validit\u00e9<\/td>\n<\/tr>\n<tr>\n<td>Un exemplaire photographi\u00e9 ou num\u00e9ris\u00e9 d\u2019un justificatif de domicile <a href=\"https:\/\/www.service-public.fr\/particuliers\/vosdroits\/F31847\" target=\"_blank\" rel=\"noreferrer noopener\">(comment l\u2019obtenir)<\/a><\/td>\n<\/tr>\n<tr>\n<td>Attestation Scolaire de S\u00e9curit\u00e9 Routi\u00e8re 1 ou 2, ou Attestation S\u00e9curit\u00e9 Routi\u00e8re<\/td>\n<\/tr>\n<tr>\n<td>1 enveloppe en suivie 50g<\/td>\n<\/tr>\n<tr>\n<td>4 timbres 20 grammes<\/td>\n<\/tr>\n<tr>\n<td><em><strong>* Si vous \u00eates h\u00e9berg\u00e9 chez un tier, il faut ajouter <\/strong><\/em>:<\/td>\n<\/tr>\n<tr>\n<td>Une lettre attestant de votre domiciliation <a href=\"http:\/\/www.modele-lettre-type.com\/immobilier-logement\/lettre-attestation-hebergement.php\" target=\"_blank\" rel=\"noreferrer noopener\">(voir un exemple)<\/a><\/td>\n<\/tr>\n<tr>\n<td>Une copie recto\/verso de la pi\u00e8ce d\u2019identit\u00e9 de votre h\u00e9bergeur<\/td>\n<\/tr>\n<\/tbody>\n<\/table>\n<\/figure>\n<p><!-- \/wp:table --><\/p>\n<p><!-- \/wp:column --><\/p>\n<p><!-- \/wp:columns --><\/p>\n<p><!-- wp:columns --><\/p>\n<p><!-- \/wp:columns --><\/p>\t\t\t\t\t\t<\/div>\n\t\t\t\t<\/div>\n\t\t\t\t\t<\/div>\n\t\t<\/div>\n\t\t\t\t\t<\/div>\n\t\t<\/section>\n\t\t\t\t<section class=\"elementor-section elementor-top-section elementor-element elementor-element-6f84911 elementor-section-boxed elementor-section-height-default elementor-section-height-default\" data-id=\"6f84911\" data-element_type=\"section\">\n\t\t\t\t\t\t<div class=\"elementor-container elementor-column-gap-default\">\n\t\t\t\t\t<div class=\"elementor-column elementor-col-100 elementor-top-column elementor-element elementor-element-230449c\" data-id=\"230449c\" data-element_type=\"column\">\n\t\t\t<div class=\"elementor-widget-wrap elementor-element-populated\">\n\t\t\t\t\t\t<div class=\"elementor-element elementor-element-2437cc3 elementor-widget elementor-widget-text-editor\" data-id=\"2437cc3\" data-element_type=\"widget\" data-widget_type=\"text-editor.default\">\n\t\t\t\t<div class=\"elementor-widget-container\">\n\t\t\t\t\t\t\t<h1 style=\"text-align: center;\">Vous avez une question ?<\/h1>\t\t\t\t\t\t<\/div>\n\t\t\t\t<\/div>\n\t\t\t\t\t<\/div>\n\t\t<\/div>\n\t\t\t\t\t<\/div>\n\t\t<\/section>\n\t\t\t\t<section class=\"elementor-section elementor-top-section elementor-element elementor-element-9620113 elementor-section-boxed elementor-section-height-default elementor-section-height-default\" data-id=\"9620113\" data-element_type=\"section\">\n\t\t\t\t\t\t<div class=\"elementor-container elementor-column-gap-default\">\n\t\t\t\t\t<div class=\"elementor-column elementor-col-100 elementor-top-column elementor-element elementor-element-6523b58\" data-id=\"6523b58\" data-element_type=\"column\">\n\t\t\t<div class=\"elementor-widget-wrap elementor-element-populated\">\n\t\t\t\t\t\t<div class=\"elementor-element elementor-element-3b7dd72 elementor-widget elementor-widget-text-editor\" data-id=\"3b7dd72\" data-element_type=\"widget\" data-widget_type=\"text-editor.default\">\n\t\t\t\t<div class=\"elementor-widget-container\">\n\t\t\t\t\t\t\t<p style=\"text-align: center;\">Vous souhaitez plus d&rsquo;informations sur le d\u00e9tail des documents \u00e0 fournir ?\u00a0 <br \/>N&rsquo;h\u00e9sitez pas \u00e0 nous contacter par t\u00e9l\u00e9phone au <b>04.93.63.17.54<\/b> ou via notre formulaire de contact.<\/p>\t\t\t\t\t\t<\/div>\n\t\t\t\t<\/div>\n\t\t\t\t\t<\/div>\n\t\t<\/div>\n\t\t\t\t\t<\/div>\n\t\t<\/section>\n\t\t\t\t<section class=\"elementor-section elementor-top-section elementor-element elementor-element-eae23a4 elementor-section-boxed elementor-section-height-default elementor-section-height-default\" data-id=\"eae23a4\" data-element_type=\"section\">\n\t\t\t\t\t\t<div class=\"elementor-container elementor-column-gap-default\">\n\t\t\t\t\t<div class=\"elementor-column elementor-col-100 elementor-top-column elementor-element elementor-element-42f16c7\" data-id=\"42f16c7\" data-element_type=\"column\">\n\t\t\t<div class=\"elementor-widget-wrap elementor-element-populated\">\n\t\t\t\t\t\t<div class=\"elementor-element elementor-element-3e0c4fb elementor-align-center elementor-widget elementor-widget-button\" data-id=\"3e0c4fb\" data-element_type=\"widget\" data-widget_type=\"button.default\">\n\t\t\t\t<div class=\"elementor-widget-container\">\n\t\t\t\t\t<div class=\"elementor-button-wrapper\">\n\t\t\t<a class=\"elementor-button elementor-button-link elementor-size-md elementor-animation-pulse\" href=\"https:\/\/auto-ecole-du-golfe.fr\/index.php\/contact\/\">\n\t\t\t\t\t\t<span class=\"elementor-button-content-wrapper\">\n\t\t\t\t\t\t<span class=\"elementor-button-text\">Contactez-nous<\/span>\n\t\t<\/span>\n\t\t\t\t\t<\/a>\n\t\t<\/div>\n\t\t\t\t<\/div>\n\t\t\t\t<\/div>\n\t\t\t\t\t<\/div>\n\t\t<\/div>\n\t\t\t\t\t<\/div>\n\t\t<\/section>\n\t\t\t\t<section class=\"elementor-section elementor-top-section elementor-element elementor-element-7672075 elementor-section-boxed elementor-section-height-default elementor-section-height-default\" data-id=\"7672075\" data-element_type=\"section\">\n\t\t\t\t\t\t<div class=\"elementor-container elementor-column-gap-default\">\n\t\t\t\t\t<div class=\"elementor-column elementor-col-100 elementor-top-column elementor-element elementor-element-e89f136\" data-id=\"e89f136\" data-element_type=\"column\">\n\t\t\t<div class=\"elementor-widget-wrap elementor-element-populated\">\n\t\t\t\t\t\t<div class=\"elementor-element elementor-element-2e83a10 elementor-widget elementor-widget-text-editor\" data-id=\"2e83a10\" data-element_type=\"widget\" data-widget_type=\"text-editor.default\">\n\t\t\t\t<div class=\"elementor-widget-container\">\n\t\t\t\t\t\t\t\t\t\t\t\t\t<\/div>\n\t\t\t\t<\/div>\n\t\t\t\t\t<\/div>\n\t\t<\/div>\n\t\t\t\t\t<\/div>\n\t\t<\/section>\n\t\t\t\t<section class=\"elementor-section elementor-top-section elementor-element elementor-element-38cf43a elementor-section-boxed elementor-section-height-default elementor-section-height-default\" data-id=\"38cf43a\" data-element_type=\"section\">\n\t\t\t\t\t\t<div class=\"elementor-container elementor-column-gap-default\">\n\t\t\t\t\t<div class=\"elementor-column elementor-col-100 elementor-top-column elementor-element elementor-element-9428791\" data-id=\"9428791\" data-element_type=\"column\">\n\t\t\t<div class=\"elementor-widget-wrap\">\n\t\t\t\t\t\t\t<\/div>\n\t\t<\/div>\n\t\t\t\t\t<\/div>\n\t\t<\/section>\n\t\t\t\t<\/div>\n\t\t","protected":false},"excerpt":{"rendered":"<p>Documents \u00e0 fournir pour vous inscrire au permis A2 \/ A1 PERMIS A2 \/ A1 Un code photo\/signature issu d\u2019une cabine photo ou photographe \u00ab Agr\u00e9\u00e9 ANTS \u00bb (comment l\u2019obtenir) Un exemplaire photographi\u00e9 ou num\u00e9ris\u00e9 d\u2019un justificatif d\u2019identit\u00e9 en cours de validit\u00e9 Un exemplaire photographi\u00e9 ou num\u00e9ris\u00e9 d\u2019un justificatif de domicile (comment l\u2019obtenir) Attestation Scolaire &hellip; <\/p>\n<p class=\"link-more\"><a href=\"https:\/\/auto-ecole-du-golfe.fr\/index.php\/documents-moto\/\" class=\"more-link\">Lire la suite de<span class=\"screen-reader-text\">\u00ab\u00a0Documents Moto\u00a0\u00bb<\/span><\/a><\/p>\n","protected":false},"author":1,"featured_media":0,"parent":0,"menu_order":0,"comment_status":"closed","ping_status":"closed","template":"","meta":{"footnotes":""},"yoast_head":"<!-- This site is optimized with the Yoast SEO plugin v22.2 - https:\/\/yoast.com\/wordpress\/plugins\/seo\/ -->\n<title>Documents Moto -<\/title>\n<meta name=\"robots\" content=\"index, follow, max-snippet:-1, max-image-preview:large, max-video-preview:-1\" \/>\n<link rel=\"canonical\" href=\"https:\/\/auto-ecole-du-golfe.fr\/index.php\/documents-moto\/\" \/>\n<meta property=\"og:locale\" content=\"fr_FR\" \/>\n<meta property=\"og:type\" content=\"article\" \/>\n<meta property=\"og:title\" content=\"Documents Moto -\" \/>\n<meta property=\"og:description\" content=\"Documents \u00e0 fournir pour vous inscrire au permis A2 \/ A1 PERMIS A2 \/ A1 Un code photo\/signature issu d\u2019une cabine photo ou photographe \u00ab Agr\u00e9\u00e9 ANTS \u00bb (comment l\u2019obtenir) Un exemplaire photographi\u00e9 ou num\u00e9ris\u00e9 d\u2019un justificatif d\u2019identit\u00e9 en cours de validit\u00e9 Un exemplaire photographi\u00e9 ou num\u00e9ris\u00e9 d\u2019un justificatif de domicile (comment l\u2019obtenir) Attestation Scolaire &hellip; Lire la suite de\u00ab\u00a0Documents Moto\u00a0\u00bb\" \/>\n<meta property=\"og:url\" content=\"https:\/\/auto-ecole-du-golfe.fr\/index.php\/documents-moto\/\" \/>\n<meta property=\"article:publisher\" content=\"https:\/\/www.facebook.com\/autoecoledugolfe\" \/>\n<meta property=\"article:modified_time\" content=\"2022-01-28T16:05:59+00:00\" \/>\n<meta name=\"twitter:card\" content=\"summary_large_image\" \/>\n<meta name=\"twitter:label1\" content=\"Dur\u00e9e de lecture estim\u00e9e\" \/>\n\t<meta name=\"twitter:data1\" content=\"1 minute\" \/>\n<script type=\"application\/ld+json\" class=\"yoast-schema-graph\">{\"@context\":\"https:\/\/schema.org\",\"@graph\":[{\"@type\":\"WebPage\",\"@id\":\"https:\/\/auto-ecole-du-golfe.fr\/index.php\/documents-moto\/\",\"url\":\"https:\/\/auto-ecole-du-golfe.fr\/index.php\/documents-moto\/\",\"name\":\"Documents Moto -\",\"isPartOf\":{\"@id\":\"https:\/\/auto-ecole-du-golfe.fr\/#website\"},\"datePublished\":\"2022-01-04T20:14:06+00:00\",\"dateModified\":\"2022-01-28T16:05:59+00:00\",\"breadcrumb\":{\"@id\":\"https:\/\/auto-ecole-du-golfe.fr\/index.php\/documents-moto\/#breadcrumb\"},\"inLanguage\":\"fr-FR\",\"potentialAction\":[{\"@type\":\"ReadAction\",\"target\":[\"https:\/\/auto-ecole-du-golfe.fr\/index.php\/documents-moto\/\"]}]},{\"@type\":\"BreadcrumbList\",\"@id\":\"https:\/\/auto-ecole-du-golfe.fr\/index.php\/documents-moto\/#breadcrumb\",\"itemListElement\":[{\"@type\":\"ListItem\",\"position\":1,\"name\":\"Accueil\",\"item\":\"https:\/\/auto-ecole-du-golfe.fr\/\"},{\"@type\":\"ListItem\",\"position\":2,\"name\":\"Documents Moto\"}]},{\"@type\":\"WebSite\",\"@id\":\"https:\/\/auto-ecole-du-golfe.fr\/#website\",\"url\":\"https:\/\/auto-ecole-du-golfe.fr\/\",\"name\":\"\",\"description\":\"\",\"publisher\":{\"@id\":\"https:\/\/auto-ecole-du-golfe.fr\/#organization\"},\"potentialAction\":[{\"@type\":\"SearchAction\",\"target\":{\"@type\":\"EntryPoint\",\"urlTemplate\":\"https:\/\/auto-ecole-du-golfe.fr\/?s={search_term_string}\"},\"query-input\":\"required name=search_term_string\"}],\"inLanguage\":\"fr-FR\"},{\"@type\":\"Organization\",\"@id\":\"https:\/\/auto-ecole-du-golfe.fr\/#organization\",\"name\":\"Auto ecole du Golfe\",\"url\":\"https:\/\/auto-ecole-du-golfe.fr\/\",\"logo\":{\"@type\":\"ImageObject\",\"inLanguage\":\"fr-FR\",\"@id\":\"https:\/\/auto-ecole-du-golfe.fr\/#\/schema\/logo\/image\/\",\"url\":\"https:\/\/auto-ecole-du-golfe.fr\/wp-content\/uploads\/2021\/12\/cropped-logo.jpg\",\"contentUrl\":\"https:\/\/auto-ecole-du-golfe.fr\/wp-content\/uploads\/2021\/12\/cropped-logo.jpg\",\"width\":512,\"height\":512,\"caption\":\"Auto ecole du Golfe\"},\"image\":{\"@id\":\"https:\/\/auto-ecole-du-golfe.fr\/#\/schema\/logo\/image\/\"},\"sameAs\":[\"https:\/\/www.facebook.com\/autoecoledugolfe\"]}]}<\/script>\n<!-- \/ Yoast SEO plugin. -->","yoast_head_json":{"title":"Documents Moto -","robots":{"index":"index","follow":"follow","max-snippet":"max-snippet:-1","max-image-preview":"max-image-preview:large","max-video-preview":"max-video-preview:-1"},"canonical":"https:\/\/auto-ecole-du-golfe.fr\/index.php\/documents-moto\/","og_locale":"fr_FR","og_type":"article","og_title":"Documents Moto -","og_description":"Documents \u00e0 fournir pour vous inscrire au permis A2 \/ A1 PERMIS A2 \/ A1 Un code photo\/signature issu d\u2019une cabine photo ou photographe \u00ab Agr\u00e9\u00e9 ANTS \u00bb (comment l\u2019obtenir) Un exemplaire photographi\u00e9 ou num\u00e9ris\u00e9 d\u2019un justificatif d\u2019identit\u00e9 en cours de validit\u00e9 Un exemplaire photographi\u00e9 ou num\u00e9ris\u00e9 d\u2019un justificatif de domicile (comment l\u2019obtenir) Attestation Scolaire &hellip; Lire la suite de\u00ab\u00a0Documents Moto\u00a0\u00bb","og_url":"https:\/\/auto-ecole-du-golfe.fr\/index.php\/documents-moto\/","article_publisher":"https:\/\/www.facebook.com\/autoecoledugolfe","article_modified_time":"2022-01-28T16:05:59+00:00","twitter_card":"summary_large_image","twitter_misc":{"Dur\u00e9e de lecture estim\u00e9e":"1 minute"},"schema":{"@context":"https:\/\/schema.org","@graph":[{"@type":"WebPage","@id":"https:\/\/auto-ecole-du-golfe.fr\/index.php\/documents-moto\/","url":"https:\/\/auto-ecole-du-golfe.fr\/index.php\/documents-moto\/","name":"Documents Moto -","isPartOf":{"@id":"https:\/\/auto-ecole-du-golfe.fr\/#website"},"datePublished":"2022-01-04T20:14:06+00:00","dateModified":"2022-01-28T16:05:59+00:00","breadcrumb":{"@id":"https:\/\/auto-ecole-du-golfe.fr\/index.php\/documents-moto\/#breadcrumb"},"inLanguage":"fr-FR","potentialAction":[{"@type":"ReadAction","target":["https:\/\/auto-ecole-du-golfe.fr\/index.php\/documents-moto\/"]}]},{"@type":"BreadcrumbList","@id":"https:\/\/auto-ecole-du-golfe.fr\/index.php\/documents-moto\/#breadcrumb","itemListElement":[{"@type":"ListItem","position":1,"name":"Accueil","item":"https:\/\/auto-ecole-du-golfe.fr\/"},{"@type":"ListItem","position":2,"name":"Documents Moto"}]},{"@type":"WebSite","@id":"https:\/\/auto-ecole-du-golfe.fr\/#website","url":"https:\/\/auto-ecole-du-golfe.fr\/","name":"","description":"","publisher":{"@id":"https:\/\/auto-ecole-du-golfe.fr\/#organization"},"potentialAction":[{"@type":"SearchAction","target":{"@type":"EntryPoint","urlTemplate":"https:\/\/auto-ecole-du-golfe.fr\/?s={search_term_string}"},"query-input":"required name=search_term_string"}],"inLanguage":"fr-FR"},{"@type":"Organization","@id":"https:\/\/auto-ecole-du-golfe.fr\/#organization","name":"Auto ecole du Golfe","url":"https:\/\/auto-ecole-du-golfe.fr\/","logo":{"@type":"ImageObject","inLanguage":"fr-FR","@id":"https:\/\/auto-ecole-du-golfe.fr\/#\/schema\/logo\/image\/","url":"https:\/\/auto-ecole-du-golfe.fr\/wp-content\/uploads\/2021\/12\/cropped-logo.jpg","contentUrl":"https:\/\/auto-ecole-du-golfe.fr\/wp-content\/uploads\/2021\/12\/cropped-logo.jpg","width":512,"height":512,"caption":"Auto ecole du Golfe"},"image":{"@id":"https:\/\/auto-ecole-du-golfe.fr\/#\/schema\/logo\/image\/"},"sameAs":["https:\/\/www.facebook.com\/autoecoledugolfe"]}]}},"_links":{"self":[{"href":"https:\/\/auto-ecole-du-golfe.fr\/index.php\/wp-json\/wp\/v2\/pages\/1230"}],"collection":[{"href":"https:\/\/auto-ecole-du-golfe.fr\/index.php\/wp-json\/wp\/v2\/pages"}],"about":[{"href":"https:\/\/auto-ecole-du-golfe.fr\/index.php\/wp-json\/wp\/v2\/types\/page"}],"author":[{"embeddable":true,"href":"https:\/\/auto-ecole-du-golfe.fr\/index.php\/wp-json\/wp\/v2\/users\/1"}],"replies":[{"embeddable":true,"href":"https:\/\/auto-ecole-du-golfe.fr\/index.php\/wp-json\/wp\/v2\/comments?post=1230"}],"version-history":[{"count":16,"href":"https:\/\/auto-ecole-du-golfe.fr\/index.php\/wp-json\/wp\/v2\/pages\/1230\/revisions"}],"predecessor-version":[{"id":1835,"href":"https:\/\/auto-ecole-du-golfe.fr\/index.php\/wp-json\/wp\/v2\/pages\/1230\/revisions\/1835"}],"wp:attachment":[{"href":"https:\/\/auto-ecole-du-golfe.fr\/index.php\/wp-json\/wp\/v2\/media?parent=1230"}],"curies":[{"name":"wp","href":"https:\/\/api.w.org\/{rel}","templated":true}]}}